{"id":9937,"date":"2025-01-26T18:56:26","date_gmt":"2025-01-26T17:56:26","guid":{"rendered":"https:\/\/fundaciongeniotipo.org\/?post_type=product&#038;p=9937"},"modified":"2025-01-26T23:29:28","modified_gmt":"2025-01-26T22:29:28","slug":"congreso-de-meditacion-y-frecuencia","status":"publish","type":"product","link":"https:\/\/fundaciongeniotipo.org\/ca\/producto\/congreso-de-meditacion-y-frecuencia\/","title":{"rendered":"Congreso de Meditaci\u00f3n y Frecuencia"},"content":{"rendered":"<p>Charlas \u00edntimas sobre t\u00e9cnicas de meditaci\u00f3n e introspecci\u00f3n con Sergi Torres, Emilio Carrillo, Mabel Katz, Elma Roura, Francesc Miralles, Antonio Jorge Larruy, Carla Zaplana, Ravi Ram, Mujer Hol\u00edstica&#8230;<\/p>\n","protected":false},"excerpt":{"rendered":"<p>Charlas \u00edntimas sobre t\u00e9cnicas de meditaci\u00f3n e introspecci\u00f3n con Sergi Torres, Emilio Carrillo, Mabel Katz, Elma Roura, Francesc Miralles, Antonio Jorge Larruy, Carla Zaplana, Ravi Ram, Mujer Hol\u00edstica&#8230;<\/p>\n","protected":false},"featured_media":9938,"template":"","meta":{"_acf_changed":false,"inline_featured_image":false},"product_brand":[],"product_cat":[90],"product_tag":[],"class_list":{"0":"post-9937","1":"product","2":"type-product","3":"status-publish","4":"has-post-thumbnail","6":"product_cat-online","8":"first","9":"instock","10":"sale","11":"taxable","12":"shipping-taxable","13":"purchasable","14":"product-type-simple"},"acf":[],"_links":{"self":[{"href":"https:\/\/fundaciongeniotipo.org\/ca\/wp-json\/wp\/v2\/product\/9937","targetHints":{"allow":["GET"]}}],"collection":[{"href":"https:\/\/fundaciongeniotipo.org\/ca\/wp-json\/wp\/v2\/product"}],"about":[{"href":"https:\/\/fundaciongeniotipo.org\/ca\/wp-json\/wp\/v2\/types\/product"}],"wp:featuredmedia":[{"embeddable":true,"href":"https:\/\/fundaciongeniotipo.org\/ca\/wp-json\/wp\/v2\/media\/9938"}],"wp:attachment":[{"href":"https:\/\/fundaciongeniotipo.org\/ca\/wp-json\/wp\/v2\/media?parent=9937"}],"wp:term":[{"taxonomy":"product_brand","embeddable":true,"href":"https:\/\/fundaciongeniotipo.org\/ca\/wp-json\/wp\/v2\/product_brand?post=9937"},{"taxonomy":"product_cat","embeddable":true,"href":"https:\/\/fundaciongeniotipo.org\/ca\/wp-json\/wp\/v2\/product_cat?post=9937"},{"taxonomy":"product_tag","embeddable":true,"href":"https:\/\/fundaciongeniotipo.org\/ca\/wp-json\/wp\/v2\/product_tag?post=9937"}],"curies":[{"name":"wp","href":"https:\/\/api.w.org\/{rel}","templated":true}]}}