{"id":3053,"date":"2024-02-28T10:27:24","date_gmt":"2024-02-28T10:27:24","guid":{"rendered":"https:\/\/fundaciongeniotipo.org\/producto\/taller-mentoring-online\/"},"modified":"2024-03-02T17:29:15","modified_gmt":"2024-03-02T17:29:15","slug":"taller-mentoring-online","status":"publish","type":"product","link":"https:\/\/fundaciongeniotipo.org\/ca\/producto\/taller-mentoring-online\/","title":{"rendered":"Dessuadora"},"content":{"rendered":"","protected":false},"excerpt":{"rendered":"<p>80% cot\u00f3, 20% poli\u00e8ster *HD, VF, R6, RX, VH 60% cot\u00f3, 40% poli\u00e8ster.<\/p>\n","protected":false},"featured_media":2851,"template":"","meta":{"_acf_changed":false,"inline_featured_image":false},"product_brand":[],"product_cat":[44],"product_tag":[],"class_list":{"0":"post-3053","1":"product","2":"type-product","3":"status-publish","4":"has-post-thumbnail","6":"product_cat-marxandatge","8":"first","9":"instock","10":"taxable","11":"shipping-taxable","12":"purchasable","13":"product-type-variable"},"acf":[],"_links":{"self":[{"href":"https:\/\/fundaciongeniotipo.org\/ca\/wp-json\/wp\/v2\/product\/3053","targetHints":{"allow":["GET"]}}],"collection":[{"href":"https:\/\/fundaciongeniotipo.org\/ca\/wp-json\/wp\/v2\/product"}],"about":[{"href":"https:\/\/fundaciongeniotipo.org\/ca\/wp-json\/wp\/v2\/types\/product"}],"wp:featuredmedia":[{"embeddable":true,"href":"https:\/\/fundaciongeniotipo.org\/ca\/wp-json\/wp\/v2\/media\/2851"}],"wp:attachment":[{"href":"https:\/\/fundaciongeniotipo.org\/ca\/wp-json\/wp\/v2\/media?parent=3053"}],"wp:term":[{"taxonomy":"product_brand","embeddable":true,"href":"https:\/\/fundaciongeniotipo.org\/ca\/wp-json\/wp\/v2\/product_brand?post=3053"},{"taxonomy":"product_cat","embeddable":true,"href":"https:\/\/fundaciongeniotipo.org\/ca\/wp-json\/wp\/v2\/product_cat?post=3053"},{"taxonomy":"product_tag","embeddable":true,"href":"https:\/\/fundaciongeniotipo.org\/ca\/wp-json\/wp\/v2\/product_tag?post=3053"}],"curies":[{"name":"wp","href":"https:\/\/api.w.org\/{rel}","templated":true}]}}