{"id":1729,"date":"2023-08-18T18:56:38","date_gmt":"2023-08-18T16:56:38","guid":{"rendered":"https:\/\/fundaciongeniotipo.org\/ingenium\/projectes-personalitzats\/"},"modified":"2024-02-08T08:33:38","modified_gmt":"2024-02-08T08:33:38","slug":"projectes-personalitzats","status":"publish","type":"page","link":"https:\/\/fundaciongeniotipo.org\/ca\/ingenium\/projectes-personalitzats\/","title":{"rendered":"Projectes personalitzats"},"content":{"rendered":"\t\t<div data-elementor-type=\"wp-page\" data-elementor-id=\"1729\" class=\"elementor elementor-1729\" data-elementor-post-type=\"page\">\n\t\t\t\t\t\t<section class=\"elementor-section elementor-top-section elementor-element elementor-element-3484089 elementor-section-boxed elementor-section-height-default elementor-section-height-default\" data-id=\"3484089\" data-element_type=\"section\" data-settings=\"{&quot;shape_divider_bottom&quot;:&quot;tilt&quot;,&quot;background_background&quot;:&quot;classic&quot;}\">\n\t\t\t\t\t\t\t<div class=\"elementor-background-overlay\"><\/div>\n\t\t\t\t\t\t<div class=\"elementor-shape elementor-shape-bottom\" aria-hidden=\"true\" data-negative=\"false\">\n\t\t\t<svg xmlns=\"http:\/\/www.w3.org\/2000\/svg\" viewBox=\"0 0 1000 100\" preserveAspectRatio=\"none\">\n\t<path class=\"elementor-shape-fill\" d=\"M0,6V0h1000v100L0,6z\"\/>\n<\/svg>\t\t<\/div>\n\t\t\t\t\t<div class=\"elementor-container elementor-column-gap-default\">\n\t\t\t\t\t<div class=\"aux-parallax-section elementor-column elementor-col-100 elementor-top-column elementor-element elementor-element-47dcfef\" data-id=\"47dcfef\" data-element_type=\"column\">\n\t\t\t<div class=\"elementor-widget-wrap elementor-element-populated\">\n\t\t\t\t\t\t<div class=\"elementor-element elementor-element-5a6c4d9 elementor-widget elementor-widget-spacer\" data-id=\"5a6c4d9\" data-element_type=\"widget\" data-widget_type=\"spacer.default\">\n\t\t\t\t<div class=\"elementor-widget-container\">\n\t\t\t\t\t\t\t<div class=\"elementor-spacer\">\n\t\t\t<div class=\"elementor-spacer-inner\"><\/div>\n\t\t<\/div>\n\t\t\t\t\t\t<\/div>\n\t\t\t\t<\/div>\n\t\t\t\t\t<\/div>\n\t\t<\/div>\n\t\t\t\t\t<\/div>\n\t\t<\/section>\n\t\t\t\t<section class=\"elementor-section elementor-top-section elementor-element elementor-element-6ad15fb elementor-section-boxed elementor-section-height-default elementor-section-height-default\" data-id=\"6ad15fb\" data-element_type=\"section\" id=\"propuestas\" data-settings=\"{&quot;background_background&quot;:&quot;classic&quot;}\">\n\t\t\t\t\t\t<div class=\"elementor-container elementor-column-gap-default\">\n\t\t\t\t\t<div class=\"aux-parallax-section elementor-column elementor-col-50 elementor-top-column elementor-element elementor-element-aa3b4c2\" data-id=\"aa3b4c2\" data-element_type=\"column\">\n\t\t\t<div class=\"elementor-widget-wrap elementor-element-populated\">\n\t\t\t\t\t\t<div class=\"elementor-element elementor-element-540ac00 elementor-invisible elementor-widget elementor-widget-image\" data-id=\"540ac00\" data-element_type=\"widget\" data-settings=\"{&quot;_animation&quot;:&quot;fadeInLeft&quot;}\" data-widget_type=\"image.default\">\n\t\t\t\t<div class=\"elementor-widget-container\">\n\t\t\t\t\t\t\t\t\t\t\t\t\t\t\t<img fetchpriority=\"high\" decoding=\"async\" width=\"1200\" height=\"800\" src=\"https:\/\/fundaciongeniotipo.org\/wp-content\/uploads\/2023\/07\/ingenium-p6.webp\" class=\"attachment-full size-full wp-image-1502\" alt=\"\" srcset=\"https:\/\/fundaciongeniotipo.org\/wp-content\/uploads\/2023\/07\/ingenium-p6.webp 1200w, https:\/\/fundaciongeniotipo.org\/wp-content\/uploads\/2023\/07\/ingenium-p6-600x400.webp 600w, https:\/\/fundaciongeniotipo.org\/wp-content\/uploads\/2023\/07\/ingenium-p6-300x200.webp 300w, https:\/\/fundaciongeniotipo.org\/wp-content\/uploads\/2023\/07\/ingenium-p6-1024x683.webp 1024w, https:\/\/fundaciongeniotipo.org\/wp-content\/uploads\/2023\/07\/ingenium-p6-768x512.webp 768w\" sizes=\"(max-width: 1200px) 100vw, 1200px\" \/>\t\t\t\t\t\t\t\t\t\t\t\t\t\t\t<\/div>\n\t\t\t\t<\/div>\n\t\t\t\t\t<\/div>\n\t\t<\/div>\n\t\t\t\t<div class=\"aux-parallax-section elementor-column elementor-col-50 elementor-top-column elementor-element elementor-element-0628fec\" data-id=\"0628fec\" data-element_type=\"column\" data-settings=\"{&quot;background_background&quot;:&quot;classic&quot;}\">\n\t\t\t<div class=\"elementor-widget-wrap elementor-element-populated\">\n\t\t\t\t\t\t<div class=\"elementor-element elementor-element-e7991ed elementor-widget elementor-widget-text-editor\" data-id=\"e7991ed\" data-element_type=\"widget\" data-widget_type=\"text-editor.default\">\n\t\t\t\t<div class=\"elementor-widget-container\">\n\t\t\t\t\t\t\t\t\t<p>S\u00f3n molts els projectes privats o ajuntaments des de la regidoria d&#8217;educaci\u00f3 i\/o joventut, que contacten amb nosaltres per crear des de zero, un projectes on els joves i adolescents puguin incorporar el talent en la seva formaci\u00f3 fora de les hores lectives obligat\u00f2ries.<\/p>\n<p>Des de la <strong>Fundaci\u00f3 Geniotip <\/strong>ens encanta crear projectes personalitzats per seguir creixent junts. Envia&#8217;ns un email per a m\u00e9s informaci\u00f3.<\/p>\n\t\t\t\t\t\t\t\t<\/div>\n\t\t\t\t<\/div>\n\t\t\t\t<div class=\"elementor-element elementor-element-05178a8 elementor-align-left elementor-widget elementor-widget-button\" data-id=\"05178a8\" data-element_type=\"widget\" data-widget_type=\"button.default\">\n\t\t\t\t<div class=\"elementor-widget-container\">\n\t\t\t\t\t\t\t\t\t<div class=\"elementor-button-wrapper\">\n\t\t\t\t\t<a class=\"elementor-button elementor-button-link elementor-size-sm\" href=\"mailto:info@fundaciongeniotipo.org\">\n\t\t\t\t\t\t<span class=\"elementor-button-content-wrapper\">\n\t\t\t\t\t\t\t\t\t<span class=\"elementor-button-text\">Saber m\u00e9s<\/span>\n\t\t\t\t\t<\/span>\n\t\t\t\t\t<\/a>\n\t\t\t\t<\/div>\n\t\t\t\t\t\t\t\t<\/div>\n\t\t\t\t<\/div>\n\t\t\t\t\t<\/div>\n\t\t<\/div>\n\t\t\t\t\t<\/div>\n\t\t<\/section>\n\t\t\t\t<section class=\"elementor-section elementor-top-section elementor-element elementor-element-a9ce53f elementor-section-boxed elementor-section-height-default elementor-section-height-default\" data-id=\"a9ce53f\" data-element_type=\"section\" data-settings=\"{&quot;background_background&quot;:&quot;classic&quot;}\">\n\t\t\t\t\t\t<div class=\"elementor-container elementor-column-gap-default\">\n\t\t\t\t\t<div class=\"aux-parallax-section elementor-column elementor-col-100 elementor-top-column elementor-element elementor-element-095c059\" data-id=\"095c059\" data-element_type=\"column\">\n\t\t\t<div class=\"elementor-widget-wrap elementor-element-populated\">\n\t\t\t\t\t\t<div class=\"elementor-element elementor-element-eb0eae9 elementor-widget elementor-widget-heading\" data-id=\"eb0eae9\" data-element_type=\"widget\" data-widget_type=\"heading.default\">\n\t\t\t\t<div class=\"elementor-widget-container\">\n\t\t\t\t\t<h2 class=\"elementor-heading-title elementor-size-default\">Col\u00b7laborem amb<\/h2>\t\t\t\t<\/div>\n\t\t\t\t<\/div>\n\t\t\t\t<div class=\"elementor-element elementor-element-6e94511 uael-ins-normal uael-img-carousel-arrow-outside elementor-widget elementor-widget-uael-image-gallery\" data-id=\"6e94511\" data-element_type=\"widget\" data-settings=\"{&quot;slides_to_show&quot;:5,&quot;slides_to_show_mobile&quot;:1,&quot;column_gap&quot;:{&quot;unit&quot;:&quot;px&quot;,&quot;size&quot;:30,&quot;sizes&quot;:[]},&quot;slides_to_show_tablet&quot;:3,&quot;slides_to_scroll&quot;:1,&quot;slides_to_scroll_tablet&quot;:1,&quot;slides_to_scroll_mobile&quot;:1,&quot;column_gap_tablet&quot;:{&quot;unit&quot;:&quot;px&quot;,&quot;size&quot;:&quot;&quot;,&quot;sizes&quot;:[]},&quot;column_gap_mobile&quot;:{&quot;unit&quot;:&quot;px&quot;,&quot;size&quot;:&quot;&quot;,&quot;sizes&quot;:[]}}\" data-widget_type=\"uael-image-gallery.default\">\n\t\t\t\t<div class=\"elementor-widget-container\">\n\t\t\t\t\t<div class=\"uael-gallery-parent uael-caption- uael-gallery-unjustified\"><div data-image_carousel=\"{&quot;slidesToShow&quot;:5,&quot;slidesToScroll&quot;:1,&quot;autoplaySpeed&quot;:5000,&quot;autoplay&quot;:true,&quot;infinite&quot;:true,&quot;pauseOnHover&quot;:false,&quot;speed&quot;:500,&quot;arrows&quot;:true,&quot;dots&quot;:false,&quot;rtl&quot;:false,&quot;responsive&quot;:[{&quot;breakpoint&quot;:1024,&quot;settings&quot;:{&quot;slidesToShow&quot;:3,&quot;slidesToScroll&quot;:1}},{&quot;breakpoint&quot;:767,&quot;settings&quot;:{&quot;slidesToShow&quot;:1,&quot;slidesToScroll&quot;:1}}]}\" class=\"uael-img-gallery-wrap uael-img-carousel-wrap uael-nav-arrows\" data-filter-default=\"Tots\"><div class=\"uael-grid-item  uael-img-gallery-item-1\"><div class=\"uael-grid-item-content\"><a class=\"uael-grid-img uael-grid-gallery-img uael-ins-hover elementor-clickable\" target=\"_blank\" rel=\"dofollow noopener\" href=\"https:\/\/fundacionpegasus.org\/\" data-elementor-open-lightbox=\"no\"><div class=\"uael-grid-img-thumbnail uael-ins-target\"><img decoding=\"async\" width=\"300\" height=\"150\" src=\"https:\/\/fundaciongeniotipo.org\/wp-content\/uploads\/2023\/07\/pegasus-lg.webp\" class=\"attachment-full size-full wp-image-457\" alt=\"\" \/><\/div><div class=\"uael-grid-img-overlay\"><\/div><\/a><\/div><\/div><div class=\"uael-grid-item  uael-img-gallery-item-2\"><div class=\"uael-grid-item-content\"><a class=\"uael-grid-img uael-grid-gallery-img uael-ins-hover elementor-clickable\" target=\"_blank\" rel=\"dofollow noopener\" href=\"https:\/\/www.centrebesai.com\/\" data-elementor-open-lightbox=\"no\"><div class=\"uael-grid-img-thumbnail uael-ins-target\"><img decoding=\"async\" width=\"300\" height=\"150\" src=\"https:\/\/fundaciongeniotipo.org\/wp-content\/uploads\/2023\/07\/besai-lg.webp\" class=\"attachment-full size-full wp-image-482\" alt=\"\" \/><\/div><div class=\"uael-grid-img-overlay\"><\/div><\/a><\/div><\/div><div class=\"uael-grid-item  uael-img-gallery-item-3\"><div class=\"uael-grid-item-content\"><a class=\"uael-grid-img uael-grid-gallery-img uael-ins-hover elementor-clickable\" target=\"_blank\" rel=\"dofollow noopener\" href=\"https:\/\/barcelona.lagranjatc.com\/fundacio\/\" data-elementor-open-lightbox=\"no\"><div class=\"uael-grid-img-thumbnail uael-ins-target\"><img loading=\"lazy\" decoding=\"async\" width=\"300\" height=\"150\" src=\"https:\/\/fundaciongeniotipo.org\/wp-content\/uploads\/2023\/07\/la-granja-tc.webp\" class=\"attachment-full size-full wp-image-490\" alt=\"\" \/><\/div><div class=\"uael-grid-img-overlay\"><\/div><\/a><\/div><\/div><div class=\"uael-grid-item  uael-img-gallery-item-4\"><div class=\"uael-grid-item-content\"><a class=\"uael-grid-img uael-grid-gallery-img uael-ins-hover elementor-clickable\" target=\"_blank\" rel=\"dofollow noopener\" href=\"https:\/\/aepae.es\/\" data-elementor-open-lightbox=\"no\"><div class=\"uael-grid-img-thumbnail uael-ins-target\"><img loading=\"lazy\" decoding=\"async\" width=\"300\" height=\"150\" src=\"https:\/\/fundaciongeniotipo.org\/wp-content\/uploads\/2023\/07\/aepae-lg.webp\" class=\"attachment-full size-full wp-image-484\" alt=\"\" \/><\/div><div class=\"uael-grid-img-overlay\"><\/div><\/a><\/div><\/div><div class=\"uael-grid-item  uael-img-gallery-item-5\"><div class=\"uael-grid-item-content\"><a class=\"uael-grid-img uael-grid-gallery-img uael-ins-hover elementor-clickable\" target=\"_blank\" rel=\"dofollow noopener\" href=\"https:\/\/www.ub.edu\/portal\/web\/psicologia-es\/proyectos-de-investigacion\" data-elementor-open-lightbox=\"no\"><div class=\"uael-grid-img-thumbnail uael-ins-target\"><img loading=\"lazy\" decoding=\"async\" width=\"300\" height=\"150\" src=\"https:\/\/fundaciongeniotipo.org\/wp-content\/uploads\/2023\/07\/UB-lg.webp\" class=\"attachment-full size-full wp-image-488\" alt=\"\" \/><\/div><div class=\"uael-grid-img-overlay\"><\/div><\/a><\/div><\/div><\/div><\/div>\t\t\t\t<\/div>\n\t\t\t\t<\/div>\n\t\t\t\t\t<\/div>\n\t\t<\/div>\n\t\t\t\t\t<\/div>\n\t\t<\/section>\n\t\t\t\t<\/div>\n\t\t","protected":false},"excerpt":{"rendered":"<p>S\u00f3n molts els projectes privats o ajuntaments des de la regidoria d&#8217;educaci\u00f3 i\/o joventut, que contacten amb nosaltres per crear des de zero, un projectes on els joves i adolescents puguin incorporar el talent en la seva formaci\u00f3 fora de les hores lectives obligat\u00f2ries. Des de la Fundaci\u00f3 Geniotip ens encanta crear projectes personalitzats per [&hellip;]<\/p>\n","protected":false},"author":1,"featured_media":0,"parent":1715,"menu_order":0,"comment_status":"closed","ping_status":"closed","template":"","meta":{"_acf_changed":false,"inline_featured_image":false,"footnotes":""},"class_list":["post-1729","page","type-page","status-publish","hentry"],"acf":[],"_links":{"self":[{"href":"https:\/\/fundaciongeniotipo.org\/ca\/wp-json\/wp\/v2\/pages\/1729","targetHints":{"allow":["GET"]}}],"collection":[{"href":"https:\/\/fundaciongeniotipo.org\/ca\/wp-json\/wp\/v2\/pages"}],"about":[{"href":"https:\/\/fundaciongeniotipo.org\/ca\/wp-json\/wp\/v2\/types\/page"}],"author":[{"embeddable":true,"href":"https:\/\/fundaciongeniotipo.org\/ca\/wp-json\/wp\/v2\/users\/1"}],"replies":[{"embeddable":true,"href":"https:\/\/fundaciongeniotipo.org\/ca\/wp-json\/wp\/v2\/comments?post=1729"}],"version-history":[{"count":4,"href":"https:\/\/fundaciongeniotipo.org\/ca\/wp-json\/wp\/v2\/pages\/1729\/revisions"}],"predecessor-version":[{"id":2615,"href":"https:\/\/fundaciongeniotipo.org\/ca\/wp-json\/wp\/v2\/pages\/1729\/revisions\/2615"}],"up":[{"embeddable":true,"href":"https:\/\/fundaciongeniotipo.org\/ca\/wp-json\/wp\/v2\/pages\/1715"}],"wp:attachment":[{"href":"https:\/\/fundaciongeniotipo.org\/ca\/wp-json\/wp\/v2\/media?parent=1729"}],"curies":[{"name":"wp","href":"https:\/\/api.w.org\/{rel}","templated":true}]}}