{"id":13316,"date":"2024-07-20T09:54:32","date_gmt":"2024-07-20T07:54:32","guid":{"rendered":"https:\/\/fundaciongeniotipo.org\/metodo-home\/metode-collegis\/"},"modified":"2025-09-01T12:15:56","modified_gmt":"2025-09-01T10:15:56","slug":"metode-collegis","status":"publish","type":"page","link":"https:\/\/fundaciongeniotipo.org\/ca\/metodo-home\/metode-collegis\/","title":{"rendered":"M\u00e8tode col\u00b7legis"},"content":{"rendered":"\t\t<div data-elementor-type=\"wp-post\" data-elementor-id=\"13316\" class=\"elementor elementor-13316 elementor-6850\" data-elementor-post-type=\"page\">\n\t\t\t\t\t\t<section class=\"elementor-section elementor-top-section elementor-element elementor-element-26844c35 elementor-section-boxed elementor-section-height-default elementor-section-height-default\" data-id=\"26844c35\" data-element_type=\"section\" data-settings=\"{&quot;background_background&quot;:&quot;classic&quot;}\">\n\t\t\t\t\t\t<div class=\"elementor-container elementor-column-gap-no\">\n\t\t\t\t\t<div class=\"aux-parallax-section elementor-column elementor-col-100 elementor-top-column elementor-element elementor-element-5d168f2d\" data-id=\"5d168f2d\" data-element_type=\"column\">\n\t\t\t<div class=\"elementor-widget-wrap elementor-element-populated\">\n\t\t\t\t\t\t<div class=\"elementor-element elementor-element-4299f3ce aux-appear-watch-animation aux-scale-down elementor-widget elementor-widget-aux_modern_heading\" data-id=\"4299f3ce\" data-element_type=\"widget\" data-widget_type=\"aux_modern_heading.default\">\n\t\t\t\t<div class=\"elementor-widget-container\">\n\t\t\t\t\t<section class=\"aux-widget-modern-heading\">\n            <div class=\"aux-widget-inner\"><h2 class=\"aux-modern-heading-primary\">M\u00e8tode Geniotip a Col\u00b7legis\n<\/h2><div class=\"aux-modern-heading-description\"><p class=\"p1\"><strong>En el context educatiu, donem suport a institucions en la identificaci\u00f3 i el cultiu del talent d'estudiants i docents.<\/strong><\/p><p class=\"p1\"><strong>Fomentem un entorn d'aprenentatge i desenvolupament continu, assegurant que cada membre de la comunitat educativa assoleixi el m\u00e0xim potencial.<\/strong><\/p><\/div><\/div>\n        <\/section>\t\t\t\t<\/div>\n\t\t\t\t<\/div>\n\t\t\t\t\t<\/div>\n\t\t<\/div>\n\t\t\t\t\t<\/div>\n\t\t<\/section>\n\t\t\t\t<section class=\"elementor-section elementor-top-section elementor-element elementor-element-26b3b60 elementor-section-boxed elementor-section-height-default elementor-section-height-default\" data-id=\"26b3b60\" data-element_type=\"section\">\n\t\t\t\t\t\t<div class=\"elementor-container elementor-column-gap-default\">\n\t\t\t\t\t<div class=\"aux-parallax-section elementor-column elementor-col-100 elementor-top-column elementor-element elementor-element-6f79e40\" data-id=\"6f79e40\" data-element_type=\"column\">\n\t\t\t<div class=\"elementor-widget-wrap elementor-element-populated\">\n\t\t\t\t\t\t<div class=\"elementor-element elementor-element-f2e4f77 elementor-widget elementor-widget-heading\" data-id=\"f2e4f77\" data-element_type=\"widget\" data-widget_type=\"heading.default\">\n\t\t\t\t<div class=\"elementor-widget-container\">\n\t\t\t\t\t<h2 class=\"elementor-heading-title elementor-size-default\">Aix\u00f2 \u00e9s el que ens diferencia<\/h2>\t\t\t\t<\/div>\n\t\t\t\t<\/div>\n\t\t\t\t<div class=\"elementor-element elementor-element-d73f7c9 elementor-widget elementor-widget-heading\" data-id=\"d73f7c9\" data-element_type=\"widget\" data-widget_type=\"heading.default\">\n\t\t\t\t<div class=\"elementor-widget-container\">\n\t\t\t\t\t<h3 class=\"elementor-heading-title elementor-size-default\">Treballem el talent a l'aula<\/h3>\t\t\t\t<\/div>\n\t\t\t\t<\/div>\n\t\t\t\t<div class=\"elementor-element elementor-element-5c3898f elementor-widget elementor-widget-text-editor\" data-id=\"5c3898f\" data-element_type=\"widget\" data-widget_type=\"text-editor.default\">\n\t\t\t\t<div class=\"elementor-widget-container\">\n\t\t\t\t\t\t\t\t\t<p>Gr\u00e0cies a la nostra <span style=\"color: #e38c56;\"><strong>investigaci\u00f3 en salut mental i talent,<\/strong><\/span><br>tenim eines validades per a <span style=\"color: #e38c56;\"><strong>l&#8217;orientaci\u00f3 vocacional<\/strong><\/span> de l&#8217;adolescent.<\/p><p>Per aix\u00f2, a trav\u00e9s del nostre M\u00e8tode Geniotip, hem desenvolupat <strong><span style=\"color: #e38c56;\">Coneix el teu talent,<\/span><\/strong> un programa de pedagogia del talent adaptat a les necessitats de cada centre, amb la finalitat que l&#8217;alumnat conegui les seves habilitats innates, i la m\u00e0xima informaci\u00f3 per a la vostra elecci\u00f3 professional.<\/p>\t\t\t\t\t\t\t\t<\/div>\n\t\t\t\t<\/div>\n\t\t\t\t<div class=\"elementor-element elementor-element-d437cbf elementor-widget elementor-widget-text-editor\" data-id=\"d437cbf\" data-element_type=\"widget\" data-widget_type=\"text-editor.default\">\n\t\t\t\t<div class=\"elementor-widget-container\">\n\t\t\t\t\t\t\t\t\t<p><span style=\"color: #e38c56;\"><strong>Posa&#8217;t en contacte amb nosaltres<\/strong><\/span> si vols<br>que apliquem el M\u00e8tode Geniotip al teu centre.<\/p>\t\t\t\t\t\t\t\t<\/div>\n\t\t\t\t<\/div>\n\t\t\t\t\t<\/div>\n\t\t<\/div>\n\t\t\t\t\t<\/div>\n\t\t<\/section>\n\t\t\t\t<section class=\"elementor-section elementor-top-section elementor-element elementor-element-b141a76 elementor-section-boxed elementor-section-height-default elementor-section-height-default\" data-id=\"b141a76\" data-element_type=\"section\">\n\t\t\t\t\t\t<div class=\"elementor-container elementor-column-gap-default\">\n\t\t\t\t\t<div class=\"aux-parallax-section elementor-column elementor-col-100 elementor-top-column elementor-element elementor-element-fe23eea\" data-id=\"fe23eea\" data-element_type=\"column\">\n\t\t\t<div class=\"elementor-widget-wrap elementor-element-populated\">\n\t\t\t\t\t\t<div class=\"elementor-element elementor-element-dcd59a4 elementor-align-center elementor-widget elementor-widget-button\" data-id=\"dcd59a4\" data-element_type=\"widget\" data-widget_type=\"button.default\">\n\t\t\t\t<div class=\"elementor-widget-container\">\n\t\t\t\t\t\t\t\t\t<div class=\"elementor-button-wrapper\">\n\t\t\t\t\t<a class=\"elementor-button elementor-button-link elementor-size-sm\" href=\"mailto:info@fundaciongeniotipo.org\">\n\t\t\t\t\t\t<span class=\"elementor-button-content-wrapper\">\n\t\t\t\t\t\t\t\t\t<span class=\"elementor-button-text\">CONTACTA AMB NOSALTRES<\/span>\n\t\t\t\t\t<\/span>\n\t\t\t\t\t<\/a>\n\t\t\t\t<\/div>\n\t\t\t\t\t\t\t\t<\/div>\n\t\t\t\t<\/div>\n\t\t\t\t\t<\/div>\n\t\t<\/div>\n\t\t\t\t\t<\/div>\n\t\t<\/section>\n\t\t\t\t<section class=\"elementor-section elementor-top-section elementor-element elementor-element-a761608 elementor-section-boxed elementor-section-height-default elementor-section-height-default\" data-id=\"a761608\" data-element_type=\"section\">\n\t\t\t\t\t\t<div class=\"elementor-container elementor-column-gap-default\">\n\t\t\t\t\t<div class=\"aux-parallax-section elementor-column elementor-col-100 elementor-top-column elementor-element elementor-element-8b058d3\" data-id=\"8b058d3\" data-element_type=\"column\">\n\t\t\t<div class=\"elementor-widget-wrap elementor-element-populated\">\n\t\t\t\t\t\t<section class=\"elementor-section elementor-inner-section elementor-element elementor-element-3857b97 elementor-section-boxed elementor-section-height-default elementor-section-height-default\" data-id=\"3857b97\" data-element_type=\"section\">\n\t\t\t\t\t\t<div class=\"elementor-container elementor-column-gap-default\">\n\t\t\t\t\t<div class=\"aux-parallax-section elementor-column elementor-col-100 elementor-inner-column elementor-element elementor-element-0b90d31\" data-id=\"0b90d31\" data-element_type=\"column\">\n\t\t\t<div class=\"elementor-widget-wrap elementor-element-populated\">\n\t\t\t\t\t\t<div class=\"elementor-element elementor-element-ee71469 elementor-widget elementor-widget-heading\" data-id=\"ee71469\" data-element_type=\"widget\" data-widget_type=\"heading.default\">\n\t\t\t\t<div class=\"elementor-widget-container\">\n\t\t\t\t\t<h3 class=\"elementor-heading-title elementor-size-default\">El nostre m\u00e8tode, ja ha estat aplicat a:<\/h3>\t\t\t\t<\/div>\n\t\t\t\t<\/div>\n\t\t\t\t\t<\/div>\n\t\t<\/div>\n\t\t\t\t\t<\/div>\n\t\t<\/section>\n\t\t\t\t\t<\/div>\n\t\t<\/div>\n\t\t\t\t\t<\/div>\n\t\t<\/section>\n\t\t\t\t<section class=\"elementor-section elementor-top-section elementor-element elementor-element-65e825b elementor-section-boxed elementor-section-height-default elementor-section-height-default\" data-id=\"65e825b\" data-element_type=\"section\">\n\t\t\t\t\t\t<div class=\"elementor-container elementor-column-gap-default\">\n\t\t\t\t\t<div class=\"aux-parallax-section elementor-column elementor-col-100 elementor-top-column elementor-element elementor-element-8d136a0\" data-id=\"8d136a0\" data-element_type=\"column\">\n\t\t\t<div class=\"elementor-widget-wrap elementor-element-populated\">\n\t\t\t\t\t\t<div class=\"elementor-element elementor-element-b9016d5 uael-equal__height-yes elementor-widget elementor-widget-uael-posts\" data-id=\"b9016d5\" data-element_type=\"widget\" data-settings=\"{&quot;event_slides_to_show&quot;:3,&quot;event_slides_to_show_tablet&quot;:2,&quot;event_slides_to_show_mobile&quot;:1}\" data-widget_type=\"uael-posts.event\">\n\t\t\t\t<div class=\"elementor-widget-container\">\n\t\t\t\t\t\t\t<div class=\"uael-post__header\">\n\t\t\t\t\t<\/div>\n\t\t<div class=\"uael-post__body\">\n\t\t\t\n\t\t\n\t\t<div class=\"uael-post-grid uael-posts\" data-query-type=\"custom\" data-structure=\"normal\" data-layout=\"\" data-page=\"13316\" data-skin=\"event\" data-filter-default=\"\" data-offset-top=\"30\" >\n\n\t\t\t\t\t\t\t<div class=\"uael-post-grid__inner uael-post__columns-3 uael-post__columns-tablet-2 uael-post__columns-mobile-1\">\n\t\t\t\n\n<div class=\"uael-post-wrapper   \">\n\t<div class=\"uael-post__bg-wrap uael-bg-wrap-disabled\">\n\n\t\t\t\t\n\t\t<div class=\"uael-post__inner-wrap uael-inner-wrap-disabled\">\n\n\t\t\t\t<div class=\"uael-post__thumbnail \">\n\t\t\t\t\t\t\t<img fetchpriority=\"high\" decoding=\"async\" width=\"900\" height=\"600\" src=\"https:\/\/fundaciongeniotipo.org\/wp-content\/uploads\/2024\/01\/TALLER-TALENTO-VICO.webp\" class=\"attachment-full size-full wp-image-2095\" alt=\"\" srcset=\"https:\/\/fundaciongeniotipo.org\/wp-content\/uploads\/2024\/01\/TALLER-TALENTO-VICO.webp 900w, https:\/\/fundaciongeniotipo.org\/wp-content\/uploads\/2024\/01\/TALLER-TALENTO-VICO-300x200.webp 300w, https:\/\/fundaciongeniotipo.org\/wp-content\/uploads\/2024\/01\/TALLER-TALENTO-VICO-768x512.webp 768w, https:\/\/fundaciongeniotipo.org\/wp-content\/uploads\/2024\/01\/TALLER-TALENTO-VICO-600x400.webp 600w\" \/>\t\t\t\t\t<div class=\"uael-post__datebox \">\n\t\t\t\t<div class=\"uael-post__date-wrap\">\n\t\t\t\t\t\t\t\t\t\t<span class='uael-post__date-month'>febr.<\/span><span class='uael-post__date-day'>01<\/span>\t\t\t\t<\/div>\t\t\t\t\n\t\t\t<\/div>\n\t\t<\/div>\n\t\t\n\t\t\t\n\t\t\t<div class=\"uael-post__content-wrap uael-content-wrap-disabled\">\n\n\t\t\t\t\t<h4 class=\"uael-post__title\">\n\n\t\t\t\t\tTaller del Talent\t\t\t\t<\/h4>\n\t\t\n\t\t<div class=\"uael-post__excerpt\">\n\t\t\tCol\u00b7legi Verge de Vico, Arnedo<br>2023-2024\t\t<\/div>\n\n\t\t\t\t\t<\/div>\n\t\t\t\n\t\t<\/div>\n\t\t\n\n\t<\/div>\n\n<\/div>\n\n\n<div class=\"uael-post-wrapper   \">\n\t<div class=\"uael-post__bg-wrap uael-bg-wrap-disabled\">\n\n\t\t\t\t\n\t\t<div class=\"uael-post__inner-wrap uael-inner-wrap-disabled\">\n\n\t\t\t\t<div class=\"uael-post__thumbnail \">\n\t\t\t\t\t\t\t<img decoding=\"async\" width=\"900\" height=\"600\" src=\"https:\/\/fundaciongeniotipo.org\/wp-content\/uploads\/2023\/11\/taller-talento-img3.webp\" class=\"attachment-full size-full wp-image-1953\" alt=\"\" srcset=\"https:\/\/fundaciongeniotipo.org\/wp-content\/uploads\/2023\/11\/taller-talento-img3.webp 900w, https:\/\/fundaciongeniotipo.org\/wp-content\/uploads\/2023\/11\/taller-talento-img3-300x200.webp 300w, https:\/\/fundaciongeniotipo.org\/wp-content\/uploads\/2023\/11\/taller-talento-img3-768x512.webp 768w, https:\/\/fundaciongeniotipo.org\/wp-content\/uploads\/2023\/11\/taller-talento-img3-600x400.webp 600w\" \/>\t\t\t\t\t<div class=\"uael-post__datebox \">\n\t\t\t\t<div class=\"uael-post__date-wrap\">\n\t\t\t\t\t\t\t\t\t\t<span class='uael-post__date-month'>abr.<\/span><span class='uael-post__date-day'>07<\/span>\t\t\t\t<\/div>\t\t\t\t\n\t\t\t<\/div>\n\t\t<\/div>\n\t\t\n\t\t\t\n\t\t\t<div class=\"uael-post__content-wrap uael-content-wrap-disabled\">\n\n\t\t\t\t\t<h4 class=\"uael-post__title\">\n\n\t\t\t\t\tTaller del Talent\t\t\t\t<\/h4>\n\t\t\n\t\t<div class=\"uael-post__excerpt\">\n\t\t\tInstitut Sant Andreu de Llavaneres<br>2023-2024\t\t<\/div>\n\n\t\t\t\t\t<\/div>\n\t\t\t\n\t\t<\/div>\n\t\t\n\n\t<\/div>\n\n<\/div>\n\n\n<div class=\"uael-post-wrapper   \">\n\t<div class=\"uael-post__bg-wrap uael-bg-wrap-disabled\">\n\n\t\t\t\t\n\t\t<div class=\"uael-post__inner-wrap uael-inner-wrap-disabled\">\n\n\t\t\t\t<div class=\"uael-post__thumbnail \">\n\t\t\t\t\t\t\t<img decoding=\"async\" width=\"900\" height=\"600\" src=\"https:\/\/fundaciongeniotipo.org\/wp-content\/uploads\/2023\/11\/conoce-tu-talento-santa-eulalia-cor.webp\" class=\"attachment-full size-full wp-image-1916\" alt=\"Conoce tu talento\" srcset=\"https:\/\/fundaciongeniotipo.org\/wp-content\/uploads\/2023\/11\/conoce-tu-talento-santa-eulalia-cor.webp 900w, https:\/\/fundaciongeniotipo.org\/wp-content\/uploads\/2023\/11\/conoce-tu-talento-santa-eulalia-cor-300x200.webp 300w, https:\/\/fundaciongeniotipo.org\/wp-content\/uploads\/2023\/11\/conoce-tu-talento-santa-eulalia-cor-768x512.webp 768w, https:\/\/fundaciongeniotipo.org\/wp-content\/uploads\/2023\/11\/conoce-tu-talento-santa-eulalia-cor-600x400.webp 600w\" \/>\t\t\t\t\t<div class=\"uael-post__datebox \">\n\t\t\t\t<div class=\"uael-post__date-wrap\">\n\t\t\t\t\t\t\t\t\t\t<span class='uael-post__date-month'>abr.<\/span><span class='uael-post__date-day'>07<\/span>\t\t\t\t<\/div>\t\t\t\t\n\t\t\t<\/div>\n\t\t<\/div>\n\t\t\n\t\t\t\n\t\t\t<div class=\"uael-post__content-wrap uael-content-wrap-disabled\">\n\n\t\t\t\t\t<h4 class=\"uael-post__title\">\n\n\t\t\t\t\tConeix el teu talent\t\t\t\t<\/h4>\n\t\t\n\t\t<div class=\"uael-post__excerpt\">\n\t\t\tCol\u00b7legi Santa Eul\u00e0lia de Cornell\u00e0 de Llobregat<br>2023-2024\t\t<\/div>\n\n\t\t\t\t\t<\/div>\n\t\t\t\n\t\t<\/div>\n\t\t\n\n\t<\/div>\n\n<\/div>\n\n\n<div class=\"uael-post-wrapper   \">\n\t<div class=\"uael-post__bg-wrap uael-bg-wrap-disabled\">\n\n\t\t\t\t\n\t\t<div class=\"uael-post__inner-wrap uael-inner-wrap-disabled\">\n\n\t\t\t\t<div class=\"uael-post__thumbnail \">\n\t\t\t\t\t\t\t<img loading=\"lazy\" decoding=\"async\" width=\"900\" height=\"600\" src=\"https:\/\/fundaciongeniotipo.org\/wp-content\/uploads\/2023\/07\/conoce-talent.webp\" class=\"attachment-full size-full wp-image-1488\" alt=\"\" srcset=\"https:\/\/fundaciongeniotipo.org\/wp-content\/uploads\/2023\/07\/conoce-talent.webp 900w, https:\/\/fundaciongeniotipo.org\/wp-content\/uploads\/2023\/07\/conoce-talent-600x400.webp 600w, https:\/\/fundaciongeniotipo.org\/wp-content\/uploads\/2023\/07\/conoce-talent-300x200.webp 300w, https:\/\/fundaciongeniotipo.org\/wp-content\/uploads\/2023\/07\/conoce-talent-768x512.webp 768w\" \/>\t\t\t\t\t<div class=\"uael-post__datebox \">\n\t\t\t\t<div class=\"uael-post__date-wrap\">\n\t\t\t\t\t\t\t\t\t\t<span class='uael-post__date-month'>abr.<\/span><span class='uael-post__date-day'>07<\/span>\t\t\t\t<\/div>\t\t\t\t\n\t\t\t<\/div>\n\t\t<\/div>\n\t\t\n\t\t\t\n\t\t\t<div class=\"uael-post__content-wrap uael-content-wrap-disabled\">\n\n\t\t\t\t\t<h4 class=\"uael-post__title\">\n\n\t\t\t\t\tConeix el teu talent\t\t\t\t<\/h4>\n\t\t\n\t\t<div class=\"uael-post__excerpt\">\n\t\t\tCol\u00b7legi Sant \u00c0ngel de Gav\u00e0<br>2022-2023\t\t<\/div>\n\n\t\t\t\t\t<\/div>\n\t\t\t\n\t\t<\/div>\n\t\t\n\n\t<\/div>\n\n<\/div>\n\n\n<div class=\"uael-post-wrapper   \">\n\t<div class=\"uael-post__bg-wrap uael-bg-wrap-disabled\">\n\n\t\t\t\t\n\t\t<div class=\"uael-post__inner-wrap uael-inner-wrap-disabled\">\n\n\t\t\t\t<div class=\"uael-post__thumbnail \">\n\t\t\t\t\t\t\t<img loading=\"lazy\" decoding=\"async\" width=\"900\" height=\"600\" src=\"https:\/\/fundaciongeniotipo.org\/wp-content\/uploads\/2023\/07\/charla-sergi.webp\" class=\"attachment-full size-full wp-image-1487\" alt=\"\" srcset=\"https:\/\/fundaciongeniotipo.org\/wp-content\/uploads\/2023\/07\/charla-sergi.webp 900w, https:\/\/fundaciongeniotipo.org\/wp-content\/uploads\/2023\/07\/charla-sergi-600x400.webp 600w, https:\/\/fundaciongeniotipo.org\/wp-content\/uploads\/2023\/07\/charla-sergi-300x200.webp 300w, https:\/\/fundaciongeniotipo.org\/wp-content\/uploads\/2023\/07\/charla-sergi-768x512.webp 768w\" \/>\t\t\t\t\t<div class=\"uael-post__datebox \">\n\t\t\t\t<div class=\"uael-post__date-wrap\">\n\t\t\t\t\t\t\t\t\t\t<span class='uael-post__date-month'>abr.<\/span><span class='uael-post__date-day'>07<\/span>\t\t\t\t<\/div>\t\t\t\t\n\t\t\t<\/div>\n\t\t<\/div>\n\t\t\n\t\t\t\n\t\t\t<div class=\"uael-post__content-wrap uael-content-wrap-disabled\">\n\n\t\t\t\t\t<h4 class=\"uael-post__title\">\n\n\t\t\t\t\tXerrada amb Sergi Torres i Tony Estruch\t\t\t\t<\/h4>\n\t\t\n\t\t<div class=\"uael-post__excerpt\">\n\t\t\tCol\u00b7legi Sant \u00c0ngel de Gav\u00e0<br>2022-2023\t\t<\/div>\n\n\t\t\t\t\t<\/div>\n\t\t\t\n\t\t<\/div>\n\t\t\n\n\t<\/div>\n\n<\/div>\n\n\n<div class=\"uael-post-wrapper   \">\n\t<div class=\"uael-post__bg-wrap uael-bg-wrap-disabled\">\n\n\t\t\t\t\n\t\t<div class=\"uael-post__inner-wrap uael-inner-wrap-disabled\">\n\n\t\t\t\t<div class=\"uael-post__thumbnail \">\n\t\t\t\t\t\t\t<img loading=\"lazy\" decoding=\"async\" width=\"900\" height=\"600\" src=\"https:\/\/fundaciongeniotipo.org\/wp-content\/uploads\/2023\/07\/charla-francesc.webp\" class=\"attachment-full size-full wp-image-1486\" alt=\"\" srcset=\"https:\/\/fundaciongeniotipo.org\/wp-content\/uploads\/2023\/07\/charla-francesc.webp 900w, https:\/\/fundaciongeniotipo.org\/wp-content\/uploads\/2023\/07\/charla-francesc-600x400.webp 600w, https:\/\/fundaciongeniotipo.org\/wp-content\/uploads\/2023\/07\/charla-francesc-300x200.webp 300w, https:\/\/fundaciongeniotipo.org\/wp-content\/uploads\/2023\/07\/charla-francesc-768x512.webp 768w\" \/>\t\t\t\t\t<div class=\"uael-post__datebox \">\n\t\t\t\t<div class=\"uael-post__date-wrap\">\n\t\t\t\t\t\t\t\t\t\t<span class='uael-post__date-month'>abr.<\/span><span class='uael-post__date-day'>07<\/span>\t\t\t\t<\/div>\t\t\t\t\n\t\t\t<\/div>\n\t\t<\/div>\n\t\t\n\t\t\t\n\t\t\t<div class=\"uael-post__content-wrap uael-content-wrap-disabled\">\n\n\t\t\t\t\t<h4 class=\"uael-post__title\">\n\n\t\t\t\t\tXerrada amb Francesc Miralles i Tony Estruch\t\t\t\t<\/h4>\n\t\t\n\t\t<div class=\"uael-post__excerpt\">\n\t\t\tCol\u00b7legi Sant \u00c0ngel de Gav\u00e0<br>2022-2023\t\t<\/div>\n\n\t\t\t\t\t<\/div>\n\t\t\t\n\t\t<\/div>\n\t\t\n\n\t<\/div>\n\n<\/div>\n\n\n<div class=\"uael-post-wrapper   \">\n\t<div class=\"uael-post__bg-wrap uael-bg-wrap-disabled\">\n\n\t\t\t\t\n\t\t<div class=\"uael-post__inner-wrap uael-inner-wrap-disabled\">\n\n\t\t\t\t<div class=\"uael-post__thumbnail \">\n\t\t\t\t\t\t\t<img loading=\"lazy\" decoding=\"async\" width=\"900\" height=\"600\" src=\"https:\/\/fundaciongeniotipo.org\/wp-content\/uploads\/2023\/07\/montcada-cole.webp\" class=\"attachment-full size-full wp-image-1485\" alt=\"\" srcset=\"https:\/\/fundaciongeniotipo.org\/wp-content\/uploads\/2023\/07\/montcada-cole.webp 900w, https:\/\/fundaciongeniotipo.org\/wp-content\/uploads\/2023\/07\/montcada-cole-600x400.webp 600w, https:\/\/fundaciongeniotipo.org\/wp-content\/uploads\/2023\/07\/montcada-cole-300x200.webp 300w, https:\/\/fundaciongeniotipo.org\/wp-content\/uploads\/2023\/07\/montcada-cole-768x512.webp 768w\" \/>\t\t\t\t\t<div class=\"uael-post__datebox \">\n\t\t\t\t<div class=\"uael-post__date-wrap\">\n\t\t\t\t\t\t\t\t\t\t<span class='uael-post__date-month'>abr.<\/span><span class='uael-post__date-day'>07<\/span>\t\t\t\t<\/div>\t\t\t\t\n\t\t\t<\/div>\n\t\t<\/div>\n\t\t\n\t\t\t\n\t\t\t<div class=\"uael-post__content-wrap uael-content-wrap-disabled\">\n\n\t\t\t\t\t<h4 class=\"uael-post__title\">\n\n\t\t\t\t\tXerrada sobre el talent\t\t\t\t<\/h4>\n\t\t\n\t\t<div class=\"uael-post__excerpt\">\n\t\t\tCol\u00b7legi La Ribera de Montcada i Reixac<br>2021-2022\t\t<\/div>\n\n\t\t\t\t\t<\/div>\n\t\t\t\n\t\t<\/div>\n\t\t\n\n\t<\/div>\n\n<\/div>\n\n\n<div class=\"uael-post-wrapper   \">\n\t<div class=\"uael-post__bg-wrap uael-bg-wrap-disabled\">\n\n\t\t\t\t\n\t\t<div class=\"uael-post__inner-wrap uael-inner-wrap-disabled\">\n\n\t\t\t\t<div class=\"uael-post__thumbnail \">\n\t\t\t\t\t\t\t<img loading=\"lazy\" decoding=\"async\" width=\"900\" height=\"600\" src=\"https:\/\/fundaciongeniotipo.org\/wp-content\/uploads\/2023\/07\/colegio-blames.webp\" class=\"attachment-full size-full wp-image-1484\" alt=\"\" srcset=\"https:\/\/fundaciongeniotipo.org\/wp-content\/uploads\/2023\/07\/colegio-blames.webp 900w, https:\/\/fundaciongeniotipo.org\/wp-content\/uploads\/2023\/07\/colegio-blames-600x400.webp 600w, https:\/\/fundaciongeniotipo.org\/wp-content\/uploads\/2023\/07\/colegio-blames-300x200.webp 300w, https:\/\/fundaciongeniotipo.org\/wp-content\/uploads\/2023\/07\/colegio-blames-768x512.webp 768w\" \/>\t\t\t\t\t<div class=\"uael-post__datebox \">\n\t\t\t\t<div class=\"uael-post__date-wrap\">\n\t\t\t\t\t\t\t\t\t\t<span class='uael-post__date-month'>abr.<\/span><span class='uael-post__date-day'>07<\/span>\t\t\t\t<\/div>\t\t\t\t\n\t\t\t<\/div>\n\t\t<\/div>\n\t\t\n\t\t\t\n\t\t\t<div class=\"uael-post__content-wrap uael-content-wrap-disabled\">\n\n\t\t\t\t\t<h4 class=\"uael-post__title\">\n\n\t\t\t\t\tXerrada sobre el talent\t\t\t\t<\/h4>\n\t\t\n\t\t<div class=\"uael-post__excerpt\">\n\t\t\tCol\u00b7legi Balmes de Rub\u00ed<br>2021-2022\t\t<\/div>\n\n\t\t\t\t\t<\/div>\n\t\t\t\n\t\t<\/div>\n\t\t\n\n\t<\/div>\n\n<\/div>\n\t\t\t\t<\/div>\n\t\t\t\t\t\t\n\t\t<\/div>\n\n\t\t\t\t\t\t<\/div>\n\t\t<div class=\"uael-post__footer\">\n\t\t\t\t\t<\/div>\n\t\t\t\t\t\t<\/div>\n\t\t\t\t<\/div>\n\t\t\t\t\t<\/div>\n\t\t<\/div>\n\t\t\t\t\t<\/div>\n\t\t<\/section>\n\t\t\t\t<section class=\"elementor-section elementor-top-section elementor-element elementor-element-c1fce7b elementor-section-boxed elementor-section-height-default elementor-section-height-default\" data-id=\"c1fce7b\" data-element_type=\"section\">\n\t\t\t\t\t\t\t<div class=\"elementor-background-overlay\"><\/div>\n\t\t\t\t\t\t\t<div class=\"elementor-container elementor-column-gap-default\">\n\t\t\t\t\t<div class=\"aux-parallax-section elementor-column elementor-col-25 elementor-top-column elementor-element elementor-element-847e34a\" data-id=\"847e34a\" data-element_type=\"column\" data-settings=\"{&quot;background_background&quot;:&quot;classic&quot;}\">\n\t\t\t<div class=\"elementor-widget-wrap elementor-element-populated\">\n\t\t\t\t\t\t<div class=\"elementor-element elementor-element-0616128 elementor-widget elementor-widget-heading\" data-id=\"0616128\" data-element_type=\"widget\" data-widget_type=\"heading.default\">\n\t\t\t\t<div class=\"elementor-widget-container\">\n\t\t\t\t\t<h2 class=\"elementor-heading-title elementor-size-default\">Coneixes la nostra comunitat YO eduko?<\/h2>\t\t\t\t<\/div>\n\t\t\t\t<\/div>\n\t\t\t\t\t<\/div>\n\t\t<\/div>\n\t\t\t\t<div class=\"aux-parallax-section elementor-column elementor-col-25 elementor-top-column elementor-element elementor-element-8e0aa01\" data-id=\"8e0aa01\" data-element_type=\"column\">\n\t\t\t<div class=\"elementor-widget-wrap elementor-element-populated\">\n\t\t\t\t\t\t<div class=\"elementor-element elementor-element-acefaa4 elementor-widget elementor-widget-text-editor\" data-id=\"acefaa4\" data-element_type=\"widget\" data-widget_type=\"text-editor.default\">\n\t\t\t\t<div class=\"elementor-widget-container\">\n\t\t\t\t\t\t\t\t\t<h3>Si ets profe i t&#8217;apassiona l&#8217;educaci\u00f3, aix\u00f2 t&#8217;interessa<\/h3>\t\t\t\t\t\t\t\t<\/div>\n\t\t\t\t<\/div>\n\t\t\t\t\t<\/div>\n\t\t<\/div>\n\t\t\t\t<div class=\"aux-parallax-section elementor-column elementor-col-50 elementor-top-column elementor-element elementor-element-ef00f79\" data-id=\"ef00f79\" data-element_type=\"column\" data-settings=\"{&quot;background_background&quot;:&quot;classic&quot;}\">\n\t\t\t<div class=\"elementor-widget-wrap elementor-element-populated\">\n\t\t\t\t\t\t<div class=\"elementor-element elementor-element-cb46d51 elementor-widget elementor-widget-image\" data-id=\"cb46d51\" data-element_type=\"widget\" data-widget_type=\"image.default\">\n\t\t\t\t<div class=\"elementor-widget-container\">\n\t\t\t\t\t\t\t\t\t\t\t\t\t\t\t\t<a href=\"https:\/\/fundaciongeniotipo.org\/comunidades\/yo-eduko\/\">\n\t\t\t\t\t\t\t<img loading=\"lazy\" decoding=\"async\" width=\"1024\" height=\"576\" src=\"https:\/\/fundaciongeniotipo.org\/wp-content\/uploads\/2024\/05\/yo-creo-camiseta-blanca-1024x576.png\" class=\"attachment-large size-large wp-image-4961\" alt=\"\" srcset=\"https:\/\/fundaciongeniotipo.org\/wp-content\/uploads\/2024\/05\/yo-creo-camiseta-blanca-1024x576.png 1024w, https:\/\/fundaciongeniotipo.org\/wp-content\/uploads\/2024\/05\/yo-creo-camiseta-blanca-300x169.png 300w, https:\/\/fundaciongeniotipo.org\/wp-content\/uploads\/2024\/05\/yo-creo-camiseta-blanca-768x432.png 768w, https:\/\/fundaciongeniotipo.org\/wp-content\/uploads\/2024\/05\/yo-creo-camiseta-blanca-1536x864.png 1536w, https:\/\/fundaciongeniotipo.org\/wp-content\/uploads\/2024\/05\/yo-creo-camiseta-blanca-600x338.png 600w, https:\/\/fundaciongeniotipo.org\/wp-content\/uploads\/2024\/05\/yo-creo-camiseta-blanca.png 1920w\" sizes=\"(max-width: 1024px) 100vw, 1024px\" \/>\t\t\t\t\t\t\t\t<\/a>\n\t\t\t\t\t\t\t\t\t\t\t\t\t\t\t<\/div>\n\t\t\t\t<\/div>\n\t\t\t\t\t<\/div>\n\t\t<\/div>\n\t\t\t\t\t<\/div>\n\t\t<\/section>\n\t\t\t\t<\/div>\n\t\t","protected":false},"excerpt":{"rendered":"<p>M\u00e8tode Geniotip a Col\u00b7legis En el context educatiu, donem suport a institucions en la identificaci\u00f3 i el cultiu del talent d&#8217;estudiants i docents. Fomentem un entorn d&#8217;aprenentatge i desenvolupament continu, assegurant que cada membre de la comunitat educativa assoleixi el m\u00e0xim potencial. Aix\u00f2 \u00e9s el que ens diferencia Treballem el talent a l&#8217;aula Gr\u00e0cies a [&hellip;]<\/p>\n","protected":false},"author":1,"featured_media":0,"parent":13314,"menu_order":0,"comment_status":"closed","ping_status":"closed","template":"templates\/page-builder-content.php","meta":{"_acf_changed":false,"inline_featured_image":false,"footnotes":""},"class_list":["post-13316","page","type-page","status-publish","hentry"],"acf":[],"_links":{"self":[{"href":"https:\/\/fundaciongeniotipo.org\/ca\/wp-json\/wp\/v2\/pages\/13316","targetHints":{"allow":["GET"]}}],"collection":[{"href":"https:\/\/fundaciongeniotipo.org\/ca\/wp-json\/wp\/v2\/pages"}],"about":[{"href":"https:\/\/fundaciongeniotipo.org\/ca\/wp-json\/wp\/v2\/types\/page"}],"author":[{"embeddable":true,"href":"https:\/\/fundaciongeniotipo.org\/ca\/wp-json\/wp\/v2\/users\/1"}],"replies":[{"embeddable":true,"href":"https:\/\/fundaciongeniotipo.org\/ca\/wp-json\/wp\/v2\/comments?post=13316"}],"version-history":[{"count":1,"href":"https:\/\/fundaciongeniotipo.org\/ca\/wp-json\/wp\/v2\/pages\/13316\/revisions"}],"predecessor-version":[{"id":13317,"href":"https:\/\/fundaciongeniotipo.org\/ca\/wp-json\/wp\/v2\/pages\/13316\/revisions\/13317"}],"up":[{"embeddable":true,"href":"https:\/\/fundaciongeniotipo.org\/ca\/wp-json\/wp\/v2\/pages\/13314"}],"wp:attachment":[{"href":"https:\/\/fundaciongeniotipo.org\/ca\/wp-json\/wp\/v2\/media?parent=13316"}],"curies":[{"name":"wp","href":"https:\/\/api.w.org\/{rel}","templated":true}]}}