{"id":13310,"date":"2024-07-08T16:18:00","date_gmt":"2024-07-08T14:18:00","guid":{"rendered":"https:\/\/fundaciongeniotipo.org\/investigacions\/"},"modified":"2025-08-29T10:16:48","modified_gmt":"2025-08-29T08:16:48","slug":"investigacions","status":"publish","type":"page","link":"https:\/\/fundaciongeniotipo.org\/ca\/investigacions\/","title":{"rendered":"Investigacions"},"content":{"rendered":"\t\t<div data-elementor-type=\"wp-post\" data-elementor-id=\"13310\" class=\"elementor elementor-13310 elementor-6207\" data-elementor-post-type=\"page\">\n\t\t\t\t\t\t<section class=\"elementor-section elementor-top-section elementor-element elementor-element-26844c35 elementor-section-boxed elementor-section-height-default elementor-section-height-default\" data-id=\"26844c35\" data-element_type=\"section\" data-settings=\"{&quot;background_background&quot;:&quot;classic&quot;}\">\n\t\t\t\t\t\t<div class=\"elementor-container elementor-column-gap-no\">\n\t\t\t\t\t<div class=\"aux-parallax-section elementor-column elementor-col-100 elementor-top-column elementor-element elementor-element-5d168f2d\" data-id=\"5d168f2d\" data-element_type=\"column\">\n\t\t\t<div class=\"elementor-widget-wrap elementor-element-populated\">\n\t\t\t\t\t\t<div class=\"elementor-element elementor-element-4299f3ce aux-appear-watch-animation aux-scale-down elementor-widget elementor-widget-aux_modern_heading\" data-id=\"4299f3ce\" data-element_type=\"widget\" data-widget_type=\"aux_modern_heading.default\">\n\t\t\t\t<div class=\"elementor-widget-container\">\n\t\t\t\t\t<section class=\"aux-widget-modern-heading\">\n            <div class=\"aux-widget-inner\"><h2 class=\"aux-modern-heading-primary\">Les nostres investigacions<\/h2><div class=\"aux-modern-heading-description\"><p>Des de la Fundaci\u00f3 promovem la investigaci\u00f3 sobre <strong>la creativitat<\/strong> i el talent hum\u00e0 des de la psicologia, la psicometria i la neuroci\u00e8ncia.<\/p><p>Aquestes investigacions <span style=\"color: #14c691\"><strong>es financen amb recursos propis i aportacions socials de la tribu<\/strong><\/span> <a href=\"https:\/\/fundaciongeniotipo.org\/comunidades\/comunidad-yocreo\/\" target=\"_blank\" rel=\"noopener\"><strong>YO CREO<\/strong><\/a>.<\/p><\/div><\/div>\n        <\/section>\t\t\t\t<\/div>\n\t\t\t\t<\/div>\n\t\t\t\t\t<\/div>\n\t\t<\/div>\n\t\t\t\t\t<\/div>\n\t\t<\/section>\n\t\t\t\t<section class=\"elementor-section elementor-top-section elementor-element elementor-element-2d24e5f elementor-section-boxed elementor-section-height-default elementor-section-height-default\" data-id=\"2d24e5f\" data-element_type=\"section\">\n\t\t\t\t\t\t<div class=\"elementor-container elementor-column-gap-default\">\n\t\t\t\t\t<div class=\"aux-parallax-section elementor-column elementor-col-100 elementor-top-column elementor-element elementor-element-456c634\" data-id=\"456c634\" data-element_type=\"column\">\n\t\t\t<div class=\"elementor-widget-wrap elementor-element-populated\">\n\t\t\t\t\t\t<section class=\"elementor-section elementor-inner-section elementor-element elementor-element-351f80e elementor-section-boxed elementor-section-height-default elementor-section-height-default\" data-id=\"351f80e\" data-element_type=\"section\">\n\t\t\t\t\t\t<div class=\"elementor-container elementor-column-gap-no\">\n\t\t\t\t\t<div class=\"aux-parallax-section elementor-column elementor-col-50 elementor-inner-column elementor-element elementor-element-15e4b59\" data-id=\"15e4b59\" data-element_type=\"column\">\n\t\t\t<div class=\"elementor-widget-wrap elementor-element-populated\">\n\t\t\t\t\t\t<div class=\"elementor-element elementor-element-a91b038 elementor-widget elementor-widget-aux_text\" data-id=\"a91b038\" data-element_type=\"widget\" data-widget_type=\"aux_text.default\">\n\t\t\t\t<div class=\"elementor-widget-container\">\n\t\t\t\t\t<section class=\"widget-container aux-widget-text aux-parent-aubfc09d62\">        <div class=\"aux-widget-advanced-text aux-wrap-style-simple aux-ico-pos-top aux-text-center aux-text-resp- aux-text-color-dark aux-text-widget-bg-center aux-text-no-content \" >\n        \n                            <div class=\"aux-text-widget-header \"  >\n                        <div class=\"aux-ico-box aux-ico-large aux-img-box aux-ico-shape-default aux-ico-clear \">\n                                                                <img fetchpriority=\"high\" decoding=\"async\" width=\"1200\" height=\"800\" src=\"https:\/\/fundaciongeniotipo.org\/wp-content\/uploads\/2023\/08\/estudio-cerebro-funda.webp\" class=\"aux-attachment aux-featured-image aux-attachment-id-1215\" alt=\"estudio-cerebro-funda\" data-ratio=\"1.5\" data-original-w=\"1200\" \/>                                                    <\/div>\n                <\/div>\n            \n            <div class=\"aux-text-inner aux-text-widget-content\">\n                                <h4 class=\"col-title\">Estudi de la salut mental a l'adolesc\u00e8ncia amb el centre Besai<\/h4>\n                <a  href=\"https:\/\/fundaciongeniotipo.org\/investigaciones\/salud-mental-besai\/\" target=\"_self\"   class=\"aux-button aux-medium aux-black aux-round aux-outline\" ><span class=\"aux-overlay\"><\/span><span class=\"aux-text\">Seguir llegint<\/span><\/a>            <\/div>\n        <\/div>\n                    <div class=\"aux-text-widget-footer\">\n                <div class=\"aux-border-shape-none \">\n                                <\/div>\n            <\/div>\n        \n<\/section><!-- widget-container -->\t\t\t\t<\/div>\n\t\t\t\t<\/div>\n\t\t\t\t\t<\/div>\n\t\t<\/div>\n\t\t\t\t<div class=\"aux-parallax-section elementor-column elementor-col-50 elementor-inner-column elementor-element elementor-element-75a5a77\" data-id=\"75a5a77\" data-element_type=\"column\">\n\t\t\t<div class=\"elementor-widget-wrap elementor-element-populated\">\n\t\t\t\t\t\t<div class=\"elementor-element elementor-element-0b37f9d elementor-widget elementor-widget-aux_text\" data-id=\"0b37f9d\" data-element_type=\"widget\" data-widget_type=\"aux_text.default\">\n\t\t\t\t<div class=\"elementor-widget-container\">\n\t\t\t\t\t<section class=\"widget-container aux-widget-text aux-parent-au62745027\">        <div class=\"aux-widget-advanced-text aux-wrap-style-simple aux-ico-pos-top aux-text-center aux-text-resp- aux-text-color-dark aux-text-widget-bg-center aux-text-no-content \" >\n        \n                            <div class=\"aux-text-widget-header \"  >\n                        <div class=\"aux-ico-box aux-ico-large aux-img-box aux-ico-shape-default aux-ico-clear \">\n                                                                <img decoding=\"async\" width=\"1200\" height=\"800\" src=\"https:\/\/fundaciongeniotipo.org\/wp-content\/uploads\/2023\/11\/investigacion-cerebro.webp\" class=\"aux-attachment aux-featured-image aux-attachment-id-1926\" alt=\"Estudio de la corteza cerebral\" data-ratio=\"1.5\" data-original-w=\"1200\" \/>                                                    <\/div>\n                <\/div>\n            \n            <div class=\"aux-text-inner aux-text-widget-content\">\n                                <h4 class=\"col-title\">Estudi de l' escor\u00e7a cerebral per analitzar la resposta neuronal de les bandes de freq\u00fc\u00e8ncia en base al geniotip<\/h4>\n                <a  href=\"https:\/\/fundaciongeniotipo.org\/investigaciones\/corteza-cerebral\/\" target=\"_self\"   class=\"aux-button aux-medium aux-black aux-round aux-outline\" ><span class=\"aux-overlay\"><\/span><span class=\"aux-text\">Seguir llegint<\/span><\/a>            <\/div>\n        <\/div>\n                    <div class=\"aux-text-widget-footer\">\n                <div class=\"aux-border-shape-none \">\n                                <\/div>\n            <\/div>\n        \n<\/section><!-- widget-container -->\t\t\t\t<\/div>\n\t\t\t\t<\/div>\n\t\t\t\t\t<\/div>\n\t\t<\/div>\n\t\t\t\t\t<\/div>\n\t\t<\/section>\n\t\t\t\t\t<\/div>\n\t\t<\/div>\n\t\t\t\t\t<\/div>\n\t\t<\/section>\n\t\t\t\t<section class=\"elementor-section elementor-top-section elementor-element elementor-element-47a4cf5 elementor-section-boxed elementor-section-height-default elementor-section-height-default\" data-id=\"47a4cf5\" data-element_type=\"section\">\n\t\t\t\t\t\t<div class=\"elementor-container elementor-column-gap-default\">\n\t\t\t\t\t<div class=\"aux-parallax-section elementor-column elementor-col-100 elementor-top-column elementor-element elementor-element-d945017\" data-id=\"d945017\" data-element_type=\"column\">\n\t\t\t<div class=\"elementor-widget-wrap elementor-element-populated\">\n\t\t\t\t\t\t<section class=\"elementor-section elementor-inner-section elementor-element elementor-element-48ae79a elementor-section-boxed elementor-section-height-default elementor-section-height-default\" data-id=\"48ae79a\" data-element_type=\"section\">\n\t\t\t\t\t\t<div class=\"elementor-container elementor-column-gap-no\">\n\t\t\t\t\t<div class=\"aux-parallax-section elementor-column elementor-col-50 elementor-inner-column elementor-element elementor-element-8ca2923\" data-id=\"8ca2923\" data-element_type=\"column\">\n\t\t\t<div class=\"elementor-widget-wrap elementor-element-populated\">\n\t\t\t\t\t\t<div class=\"elementor-element elementor-element-355d6de elementor-widget elementor-widget-aux_text\" data-id=\"355d6de\" data-element_type=\"widget\" data-widget_type=\"aux_text.default\">\n\t\t\t\t<div class=\"elementor-widget-container\">\n\t\t\t\t\t<section class=\"widget-container aux-widget-text aux-parent-aucde1f62b\">        <div class=\"aux-widget-advanced-text aux-wrap-style-simple aux-ico-pos-top aux-text-center aux-text-resp- aux-text-color-dark aux-text-widget-bg-center aux-text-no-content \" >\n        \n                            <div class=\"aux-text-widget-header \"  >\n                        <div class=\"aux-ico-box aux-ico-large aux-img-box aux-ico-shape-default aux-ico-clear \">\n                                                                <img decoding=\"async\" width=\"400\" height=\"400\" src=\"https:\/\/fundaciongeniotipo.org\/wp-content\/uploads\/2024\/07\/Captura-de-pantalla-2024-07-20-a-las-18.16.30-1.webp\" class=\"aux-attachment aux-featured-image aux-attachment-id-7448\" alt=\"Captura-de-pantalla-2024-07-20-a-las-18.16.30 (1)\" data-ratio=\"1\" data-original-w=\"400\" \/>                                                    <\/div>\n                <\/div>\n            \n            <div class=\"aux-text-inner aux-text-widget-content\">\n                                <h4 class=\"col-title\">Validacions de la psicometria del Test del Geniotip<\/h4>\n                <a  href=\"https:\/\/fundaciongeniotipo.org\/investigaciones\/validacion-test-del-geniotipo\/\" target=\"_self\"   class=\"aux-button aux-medium aux-black aux-round aux-outline\" ><span class=\"aux-overlay\"><\/span><span class=\"aux-text\">Seguir llegint<\/span><\/a>            <\/div>\n        <\/div>\n                    <div class=\"aux-text-widget-footer\">\n                <div class=\"aux-border-shape-none \">\n                                <\/div>\n            <\/div>\n        \n<\/section><!-- widget-container -->\t\t\t\t<\/div>\n\t\t\t\t<\/div>\n\t\t\t\t\t<\/div>\n\t\t<\/div>\n\t\t\t\t<div class=\"aux-parallax-section elementor-column elementor-col-50 elementor-inner-column elementor-element elementor-element-8a2e026\" data-id=\"8a2e026\" data-element_type=\"column\">\n\t\t\t<div class=\"elementor-widget-wrap elementor-element-populated\">\n\t\t\t\t\t\t<div class=\"elementor-element elementor-element-da0b32c elementor-widget elementor-widget-aux_text\" data-id=\"da0b32c\" data-element_type=\"widget\" data-widget_type=\"aux_text.default\">\n\t\t\t\t<div class=\"elementor-widget-container\">\n\t\t\t\t\t<section class=\"widget-container aux-widget-text aux-parent-au62c8672e\">        <div class=\"aux-widget-advanced-text aux-wrap-style-simple aux-ico-pos-top aux-text-center aux-text-resp- aux-text-color-dark aux-text-widget-bg-center aux-text-no-content \" >\n        \n                            <div class=\"aux-text-widget-header \"  >\n                        <div class=\"aux-ico-box aux-ico-large aux-img-box aux-ico-shape-default aux-ico-clear \">\n                                                                <img loading=\"lazy\" decoding=\"async\" width=\"401\" height=\"400\" src=\"https:\/\/fundaciongeniotipo.org\/wp-content\/uploads\/2023\/08\/geniotipos-ig1.webp\" class=\"aux-attachment aux-featured-image aux-attachment-id-786\" alt=\"geniotipos-ig1\" data-ratio=\"1\" data-original-w=\"401\" \/>                                                    <\/div>\n                <\/div>\n            \n            <div class=\"aux-text-inner aux-text-widget-content\">\n                                <h4 class=\"col-title\">Fitxa t\u00e8cnica del Test i psicometria dels constructes dels geniotips<\/h4>\n                <a  href=\"https:\/\/fundaciongeniotipo.org\/investigaciones\/test-del-geniotipo\/\" target=\"_self\"   class=\"aux-button aux-medium aux-black aux-round aux-outline\" ><span class=\"aux-overlay\"><\/span><span class=\"aux-text\">Seguir llegint<\/span><\/a>            <\/div>\n        <\/div>\n                    <div class=\"aux-text-widget-footer\">\n                <div class=\"aux-border-shape-none \">\n                                <\/div>\n            <\/div>\n        \n<\/section><!-- widget-container -->\t\t\t\t<\/div>\n\t\t\t\t<\/div>\n\t\t\t\t\t<\/div>\n\t\t<\/div>\n\t\t\t\t\t<\/div>\n\t\t<\/section>\n\t\t\t\t\t<\/div>\n\t\t<\/div>\n\t\t\t\t\t<\/div>\n\t\t<\/section>\n\t\t\t\t<section class=\"elementor-section elementor-top-section elementor-element elementor-element-a928a50 elementor-section-boxed elementor-section-height-default elementor-section-height-default\" data-id=\"a928a50\" data-element_type=\"section\">\n\t\t\t\t\t\t<div class=\"elementor-container elementor-column-gap-default\">\n\t\t\t\t\t<div class=\"aux-parallax-section elementor-column elementor-col-100 elementor-top-column elementor-element elementor-element-4fb6af6\" data-id=\"4fb6af6\" data-element_type=\"column\">\n\t\t\t<div class=\"elementor-widget-wrap elementor-element-populated\">\n\t\t\t\t\t\t<div class=\"elementor-element elementor-element-612a0a8 block-genio elementor-widget elementor-widget-aux_text\" data-id=\"612a0a8\" data-element_type=\"widget\" data-widget_type=\"aux_text.default\">\n\t\t\t\t<div class=\"elementor-widget-container\">\n\t\t\t\t\t<section class=\"widget-container aux-widget-text aux-parent-auc4e13364\">        <div class=\"aux-widget-advanced-text aux-wrap-style-simple aux-ico-pos-left aux-text-center aux-text-resp- aux-text-color-dark aux-text-widget-bg-center aux-text-no-content \" >\n        \n                            <div class=\"aux-text-widget-header \"  >\n                        <div class=\"aux-ico-box aux-ico-large aux-img-box aux-ico-shape-default aux-ico-clear \">\n                                                                <img loading=\"lazy\" decoding=\"async\" width=\"150\" height=\"150\" src=\"https:\/\/fundaciongeniotipo.org\/wp-content\/uploads\/2024\/07\/logo150150.png\" class=\"aux-attachment aux-featured-image aux-attachment-id-6252\" alt=\"logo150150\" data-ratio=\"1\" data-original-w=\"150\" \/>                                                    <\/div>\n                <\/div>\n            \n            <div class=\"aux-text-inner aux-text-widget-content\">\n                                <h4 class=\"col-title\">Con\u00e9ixer m\u00e9s<\/h4>\n                                <h5 class=\"col-subtitle\">Al nostre bloc tens tota la informaci\u00f3 sobre el recorregut del Geniotip<\/h5>\n\n                <a  href=\"https:\/\/fundaciongeniotipo.org\/home\/blog\/\" target=\"_self\"   class=\"aux-button aux-medium aux-black aux-round aux-outline\" ><span class=\"aux-overlay\"><\/span><span class=\"aux-text\">Anar al Blog<\/span><\/a>            <\/div>\n        <\/div>\n                    <div class=\"aux-text-widget-footer\">\n                <div class=\"aux-border-shape-none \">\n                                <\/div>\n            <\/div>\n        \n<\/section><!-- widget-container -->\t\t\t\t<\/div>\n\t\t\t\t<\/div>\n\t\t\t\t\t<\/div>\n\t\t<\/div>\n\t\t\t\t\t<\/div>\n\t\t<\/section>\n\t\t\t\t<\/div>\n\t\t","protected":false},"excerpt":{"rendered":"<p>Les nostres investigacions Des de la Fundaci\u00f3 promovem la investigaci\u00f3 sobre la creativitat i el talent hum\u00e0 des de la psicologia, la psicometria i la neuroci\u00e8ncia. Aquestes investigacions es financen amb recursos propis i aportacions socials de la tribu YO CREO. Estudi de la salut mental a l&#8217;adolesc\u00e8ncia amb el centre Besai Seguir llegint Estudi [&hellip;]<\/p>\n","protected":false},"author":1,"featured_media":0,"parent":0,"menu_order":0,"comment_status":"closed","ping_status":"closed","template":"templates\/page-builder-content.php","meta":{"_acf_changed":false,"inline_featured_image":false,"footnotes":""},"class_list":["post-13310","page","type-page","status-publish","hentry"],"acf":[],"_links":{"self":[{"href":"https:\/\/fundaciongeniotipo.org\/ca\/wp-json\/wp\/v2\/pages\/13310","targetHints":{"allow":["GET"]}}],"collection":[{"href":"https:\/\/fundaciongeniotipo.org\/ca\/wp-json\/wp\/v2\/pages"}],"about":[{"href":"https:\/\/fundaciongeniotipo.org\/ca\/wp-json\/wp\/v2\/types\/page"}],"author":[{"embeddable":true,"href":"https:\/\/fundaciongeniotipo.org\/ca\/wp-json\/wp\/v2\/users\/1"}],"replies":[{"embeddable":true,"href":"https:\/\/fundaciongeniotipo.org\/ca\/wp-json\/wp\/v2\/comments?post=13310"}],"version-history":[{"count":1,"href":"https:\/\/fundaciongeniotipo.org\/ca\/wp-json\/wp\/v2\/pages\/13310\/revisions"}],"predecessor-version":[{"id":13311,"href":"https:\/\/fundaciongeniotipo.org\/ca\/wp-json\/wp\/v2\/pages\/13310\/revisions\/13311"}],"wp:attachment":[{"href":"https:\/\/fundaciongeniotipo.org\/ca\/wp-json\/wp\/v2\/media?parent=13310"}],"curies":[{"name":"wp","href":"https:\/\/api.w.org\/{rel}","templated":true}]}}