{"id":13305,"date":"2024-07-20T12:25:32","date_gmt":"2024-07-20T10:25:32","guid":{"rendered":"https:\/\/fundaciongeniotipo.org\/acompanyament\/psicoterapia-adolescent\/"},"modified":"2025-08-29T10:07:10","modified_gmt":"2025-08-29T08:07:10","slug":"psicoterapia-adolescent","status":"publish","type":"page","link":"https:\/\/fundaciongeniotipo.org\/ca\/acompanyament\/psicoterapia-adolescent\/","title":{"rendered":"Psicoter\u00e0pia adolescent"},"content":{"rendered":"\t\t<div data-elementor-type=\"wp-post\" data-elementor-id=\"13305\" class=\"elementor elementor-13305 elementor-6934\" data-elementor-post-type=\"page\">\n\t\t\t\t\t\t<section class=\"elementor-section elementor-top-section elementor-element elementor-element-a7d5b2f elementor-section-boxed elementor-section-height-default elementor-section-height-default\" data-id=\"a7d5b2f\" data-element_type=\"section\" data-settings=\"{&quot;background_background&quot;:&quot;classic&quot;}\">\n\t\t\t\t\t\t<div class=\"elementor-container elementor-column-gap-no\">\n\t\t\t\t\t<div class=\"aux-parallax-section elementor-column elementor-col-100 elementor-top-column elementor-element elementor-element-f82dedb\" data-id=\"f82dedb\" data-element_type=\"column\">\n\t\t\t<div class=\"elementor-widget-wrap elementor-element-populated\">\n\t\t\t\t\t\t<div class=\"elementor-element elementor-element-6f63fc6 aux-appear-watch-animation aux-scale-down elementor-widget elementor-widget-aux_modern_heading\" data-id=\"6f63fc6\" data-element_type=\"widget\" data-widget_type=\"aux_modern_heading.default\">\n\t\t\t\t<div class=\"elementor-widget-container\">\n\t\t\t\t\t<section class=\"aux-widget-modern-heading\">\n            <div class=\"aux-widget-inner\"><h2 class=\"aux-modern-heading-primary\">Psicoter\u00e0pia per a adolescents<\/h2><\/div>\n        <\/section>\t\t\t\t<\/div>\n\t\t\t\t<\/div>\n\t\t\t\t\t<\/div>\n\t\t<\/div>\n\t\t\t\t\t<\/div>\n\t\t<\/section>\n\t\t\t\t<section class=\"elementor-section elementor-top-section elementor-element elementor-element-fe03013 elementor-section-boxed elementor-section-height-default elementor-section-height-default\" data-id=\"fe03013\" data-element_type=\"section\">\n\t\t\t\t\t\t<div class=\"elementor-container elementor-column-gap-default\">\n\t\t\t\t\t<div class=\"aux-parallax-section elementor-column elementor-col-100 elementor-top-column elementor-element elementor-element-7ec8c61\" data-id=\"7ec8c61\" data-element_type=\"column\">\n\t\t\t<div class=\"elementor-widget-wrap elementor-element-populated\">\n\t\t\t\t\t\t<section class=\"elementor-section elementor-inner-section elementor-element elementor-element-c3f38c5 elementor-section-content-middle elementor-section-boxed elementor-section-height-default elementor-section-height-default\" data-id=\"c3f38c5\" data-element_type=\"section\">\n\t\t\t\t\t\t<div class=\"elementor-container elementor-column-gap-default\">\n\t\t\t\t\t<div class=\"aux-parallax-section elementor-column elementor-col-50 elementor-inner-column elementor-element elementor-element-baae5cb\" data-id=\"baae5cb\" data-element_type=\"column\" data-settings=\"{&quot;background_background&quot;:&quot;classic&quot;}\">\n\t\t\t<div class=\"elementor-widget-wrap elementor-element-populated\">\n\t\t\t\t\t\t<div class=\"elementor-element elementor-element-b016e03 elementor-widget elementor-widget-spacer\" data-id=\"b016e03\" data-element_type=\"widget\" data-widget_type=\"spacer.default\">\n\t\t\t\t<div class=\"elementor-widget-container\">\n\t\t\t\t\t\t\t<div class=\"elementor-spacer\">\n\t\t\t<div class=\"elementor-spacer-inner\"><\/div>\n\t\t<\/div>\n\t\t\t\t\t\t<\/div>\n\t\t\t\t<\/div>\n\t\t\t\t<div class=\"elementor-element elementor-element-84ec084 elementor-widget elementor-widget-text-editor\" data-id=\"84ec084\" data-element_type=\"widget\" data-widget_type=\"text-editor.default\">\n\t\t\t\t<div class=\"elementor-widget-container\">\n\t\t\t\t\t\t\t\t\t<p class=\"p1\">Aquest acompanyament t&#8217;interessa si observes o perceps que el teu fill \u00e9s una persona que est\u00e0:<\/p>\n<p><span style=\"background-color: transparent;\">-Amb poca motivaci\u00f3 a l&#8217;hora de continuar estudiant.<\/span><\/p>\n<p><span style=\"background-color: transparent;\">-Desorientat vocacionalment.<\/span><\/p>\n<p><span style=\"background-color: transparent;\">-Desanimat vitalment.<\/span><\/p>\n<p>-Perdut o amb malestar generalizat.<\/p>\n<p>-Necessitat d&#8217;acompanyament terap\u00e8utic.<\/p>\t\t\t\t\t\t\t\t<\/div>\n\t\t\t\t<\/div>\n\t\t\t\t\t<\/div>\n\t\t<\/div>\n\t\t\t\t<div class=\"aux-parallax-section elementor-column elementor-col-50 elementor-inner-column elementor-element elementor-element-7d19aa9\" data-id=\"7d19aa9\" data-element_type=\"column\">\n\t\t\t<div class=\"elementor-widget-wrap elementor-element-populated\">\n\t\t\t\t\t\t<div class=\"elementor-element elementor-element-a163f0b elementor-widget elementor-widget-image\" data-id=\"a163f0b\" data-element_type=\"widget\" data-widget_type=\"image.default\">\n\t\t\t\t<div class=\"elementor-widget-container\">\n\t\t\t\t\t\t\t\t\t\t\t\t\t\t\t<img fetchpriority=\"high\" decoding=\"async\" width=\"1000\" height=\"667\" src=\"https:\/\/fundaciongeniotipo.org\/wp-content\/uploads\/2023\/08\/adolescentes-psicolog.webp\" class=\"attachment-full size-full wp-image-1523\" alt=\"\" srcset=\"https:\/\/fundaciongeniotipo.org\/wp-content\/uploads\/2023\/08\/adolescentes-psicolog.webp 1000w, https:\/\/fundaciongeniotipo.org\/wp-content\/uploads\/2023\/08\/adolescentes-psicolog-300x200.webp 300w, https:\/\/fundaciongeniotipo.org\/wp-content\/uploads\/2023\/08\/adolescentes-psicolog-768x512.webp 768w, https:\/\/fundaciongeniotipo.org\/wp-content\/uploads\/2023\/08\/adolescentes-psicolog-600x400.webp 600w\" sizes=\"(max-width: 1000px) 100vw, 1000px\" \/>\t\t\t\t\t\t\t\t\t\t\t\t\t\t\t<\/div>\n\t\t\t\t<\/div>\n\t\t\t\t\t<\/div>\n\t\t<\/div>\n\t\t\t\t\t<\/div>\n\t\t<\/section>\n\t\t\t\t\t<\/div>\n\t\t<\/div>\n\t\t\t\t\t<\/div>\n\t\t<\/section>\n\t\t\t\t<section class=\"elementor-section elementor-top-section elementor-element elementor-element-73fd5fe elementor-section-boxed elementor-section-height-default elementor-section-height-default\" data-id=\"73fd5fe\" data-element_type=\"section\" data-settings=\"{&quot;background_background&quot;:&quot;classic&quot;}\">\n\t\t\t\t\t\t<div class=\"elementor-container elementor-column-gap-no\">\n\t\t\t\t\t<div class=\"aux-parallax-section elementor-column elementor-col-100 elementor-top-column elementor-element elementor-element-f247930\" data-id=\"f247930\" data-element_type=\"column\">\n\t\t\t<div class=\"elementor-widget-wrap elementor-element-populated\">\n\t\t\t\t\t\t<div class=\"elementor-element elementor-element-a320604 aux-appear-watch-animation aux-scale-down elementor-widget elementor-widget-aux_modern_heading\" data-id=\"a320604\" data-element_type=\"widget\" data-widget_type=\"aux_modern_heading.default\">\n\t\t\t\t<div class=\"elementor-widget-container\">\n\t\t\t\t\t<section class=\"aux-widget-modern-heading\">\n            <div class=\"aux-widget-inner\"><h2 class=\"aux-modern-heading-primary\"><\/h2><div class=\"aux-modern-heading-description\"><p><strong>\"El nostre objectiu \u00e9s que cada adolescent se senti capacitat i motivat per desenvolupar els seus talents naturals, construint aix\u00ed una base s\u00f2lida per al creixement personal i professional en el futur\".<\/strong><\/p><\/div><\/div>\n        <\/section>\t\t\t\t<\/div>\n\t\t\t\t<\/div>\n\t\t\t\t\t<\/div>\n\t\t<\/div>\n\t\t\t\t\t<\/div>\n\t\t<\/section>\n\t\t\t\t<section class=\"elementor-section elementor-top-section elementor-element elementor-element-114b60a elementor-section-boxed elementor-section-height-default elementor-section-height-default\" data-id=\"114b60a\" data-element_type=\"section\">\n\t\t\t\t\t\t<div class=\"elementor-container elementor-column-gap-default\">\n\t\t\t\t\t<div class=\"aux-parallax-section elementor-column elementor-col-100 elementor-top-column elementor-element elementor-element-d75662e\" data-id=\"d75662e\" data-element_type=\"column\">\n\t\t\t<div class=\"elementor-widget-wrap elementor-element-populated\">\n\t\t\t\t\t\t<div class=\"elementor-element elementor-element-6258afe elementor-widget elementor-widget-heading\" data-id=\"6258afe\" data-element_type=\"widget\" data-widget_type=\"heading.default\">\n\t\t\t\t<div class=\"elementor-widget-container\">\n\t\t\t\t\t<h3 class=\"elementor-heading-title elementor-size-default\">Aix\u00f2 \u00e9s el que ens diferencia de la resta:<\/h3>\t\t\t\t<\/div>\n\t\t\t\t<\/div>\n\t\t\t\t<div class=\"elementor-element elementor-element-e39d7ac elementor-widget elementor-widget-text-editor\" data-id=\"e39d7ac\" data-element_type=\"widget\" data-widget_type=\"text-editor.default\">\n\t\t\t\t<div class=\"elementor-widget-container\">\n\t\t\t\t\t\t\t\t\t<p>La nostra fundaci\u00f3 <span style=\"color: #14c691;\"><strong>ha estat la primera<\/strong> <strong>a fer una investigaci\u00f3 cient\u00edfica per treballar la salut dels adolescents<\/strong><\/span> sobre la base del talent. Pots consultar aquesta investigaci\u00f3 <span style=\"color: #000000;\"><span style=\"text-decoration: underline;\"><strong><a style=\"color: #000000; text-decoration: underline;\" href=\"https:\/\/clinicaltrials.gov\/study\/NCT06473155\" target=\"_blank\" rel=\"noopener\">aqu\u00ed<\/a><\/strong><\/span><strong>.<\/strong><\/span>  <\/p><p>Per aix\u00f2, sabem que moltes vegades un adolescent sent que el que li expliques <span style=\"color: #333333;\">no va gens amb la visi\u00f3 que ell t\u00e9 del m\u00f3n.<\/span> <\/p><p>Estem en el moment de l&#8217;exposici\u00f3 i el reconeixement a trav\u00e9s de les xarxes socials i aix\u00f2 genera uns referents que senten han de ser l&#8217;objectiu a assolir. I aix\u00f2 genera frustraci\u00f3, perqu\u00e8 no <b> <\/b>\u00e9s real i, en conseq\u00fc\u00e8ncia, <b><span style=\"color: #14c691;\">crisi d&#8217;identitat i reptes emocionals<\/span><\/b>, que els confon produint patiment i sensaci\u00f3 de no encaixar.<\/p><p>Per posar llum a aquesta situaci\u00f3, des de la fundaci\u00f3 <span style=\"color: #14c691;\"><b>hem creat un protocol <\/b><span style=\"color: #333333;\">per ajudar<\/span><\/span> els adolescents a descobrir el seu veritable talent gr\u00e0cies a la nostra investigaci\u00f3.<\/p><p>I \u00e9s que en un m\u00f3n ple d&#8217;expectatives i comparacions i referents medi\u00e0tics, el nostre enfocament se centra a desenterrar <span style=\"color: #14c691;\"><b>les habilitats \u00faniques i els interessos innats<\/b><\/span> de cada jove.<\/p><p>En definitiva, la suma de la nostra investigaci\u00f3 i l&#8217;experi\u00e8ncia geniotipant centenars de joves a col\u00b7legis, <span style=\"color: #14c691;\"><strong>ens proporciona la confian\u00e7a per acompanyar i proporcionar un ambient de suport<\/strong><\/span> i exploraci\u00f3 on els adolescents poden descobrir les seves passions i potencials ocults.<\/p>\t\t\t\t\t\t\t\t<\/div>\n\t\t\t\t<\/div>\n\t\t\t\t\t<\/div>\n\t\t<\/div>\n\t\t\t\t\t<\/div>\n\t\t<\/section>\n\t\t\t\t<section class=\"elementor-section elementor-top-section elementor-element elementor-element-b514cd9 elementor-section-boxed elementor-section-height-default elementor-section-height-default\" data-id=\"b514cd9\" data-element_type=\"section\">\n\t\t\t\t\t\t<div class=\"elementor-container elementor-column-gap-default\">\n\t\t\t\t\t<div class=\"aux-parallax-section elementor-column elementor-col-100 elementor-top-column elementor-element elementor-element-f7b9755\" data-id=\"f7b9755\" data-element_type=\"column\">\n\t\t\t<div class=\"elementor-widget-wrap elementor-element-populated\">\n\t\t\t\t\t\t<section class=\"elementor-section elementor-inner-section elementor-element elementor-element-af9160f elementor-section-boxed elementor-section-height-default elementor-section-height-default\" data-id=\"af9160f\" data-element_type=\"section\">\n\t\t\t\t\t\t<div class=\"elementor-container elementor-column-gap-default\">\n\t\t\t\t\t<div class=\"aux-parallax-section elementor-column elementor-col-100 elementor-inner-column elementor-element elementor-element-321f191\" data-id=\"321f191\" data-element_type=\"column\">\n\t\t\t<div class=\"elementor-widget-wrap elementor-element-populated\">\n\t\t\t\t\t\t<div class=\"elementor-element elementor-element-8635f63 elementor-widget elementor-widget-heading\" data-id=\"8635f63\" data-element_type=\"widget\" data-widget_type=\"heading.default\">\n\t\t\t\t<div class=\"elementor-widget-container\">\n\t\t\t\t\t<h2 class=\"elementor-heading-title elementor-size-default\">Com ho fem:<\/h2>\t\t\t\t<\/div>\n\t\t\t\t<\/div>\n\t\t\t\t\t<\/div>\n\t\t<\/div>\n\t\t\t\t\t<\/div>\n\t\t<\/section>\n\t\t\t\t\t<\/div>\n\t\t<\/div>\n\t\t\t\t\t<\/div>\n\t\t<\/section>\n\t\t\t\t<section class=\"elementor-section elementor-top-section elementor-element elementor-element-5e3bb9e elementor-section-boxed elementor-section-height-default elementor-section-height-default\" data-id=\"5e3bb9e\" data-element_type=\"section\">\n\t\t\t\t\t\t<div class=\"elementor-container elementor-column-gap-default\">\n\t\t\t\t\t<div class=\"aux-parallax-section elementor-column elementor-col-100 elementor-top-column elementor-element elementor-element-87d3aab\" data-id=\"87d3aab\" data-element_type=\"column\">\n\t\t\t<div class=\"elementor-widget-wrap elementor-element-populated\">\n\t\t\t\t\t\t<section class=\"elementor-section elementor-inner-section elementor-element elementor-element-adfe5f0 elementor-section-boxed elementor-section-height-default elementor-section-height-default\" data-id=\"adfe5f0\" data-element_type=\"section\">\n\t\t\t\t\t\t<div class=\"elementor-container elementor-column-gap-default\">\n\t\t\t\t\t<div class=\"aux-parallax-section elementor-column elementor-col-25 elementor-inner-column elementor-element elementor-element-f9b2096\" data-id=\"f9b2096\" data-element_type=\"column\">\n\t\t\t<div class=\"elementor-widget-wrap elementor-element-populated\">\n\t\t\t\t\t\t<div class=\"elementor-element elementor-element-7f2baa5 elementor-widget elementor-widget-heading\" data-id=\"7f2baa5\" data-element_type=\"widget\" data-widget_type=\"heading.default\">\n\t\t\t\t<div class=\"elementor-widget-container\">\n\t\t\t\t\t<h4 class=\"elementor-heading-title elementor-size-default\">1. Protocol dintervenci\u00f3<\/h4>\t\t\t\t<\/div>\n\t\t\t\t<\/div>\n\t\t\t\t<div class=\"elementor-element elementor-element-b3802c6 elementor-widget__width-initial elementor-widget elementor-widget-text-editor\" data-id=\"b3802c6\" data-element_type=\"widget\" data-widget_type=\"text-editor.default\">\n\t\t\t\t<div class=\"elementor-widget-container\">\n\t\t\t\t\t\t\t\t\t<p class=\"p1\">Realitzem el Test del Geniotip per identificar les CCI i posteriorment seguim amb un protocol per superar els obstacles psicol\u00f2gics i de personalitat que dificulten la realitzaci\u00f3 del talent.<\/p>\t\t\t\t\t\t\t\t<\/div>\n\t\t\t\t<\/div>\n\t\t\t\t\t<\/div>\n\t\t<\/div>\n\t\t\t\t<div class=\"aux-parallax-section elementor-column elementor-col-25 elementor-inner-column elementor-element elementor-element-8527ee9\" data-id=\"8527ee9\" data-element_type=\"column\">\n\t\t\t<div class=\"elementor-widget-wrap elementor-element-populated\">\n\t\t\t\t\t\t<div class=\"elementor-element elementor-element-06ec046 elementor-widget elementor-widget-heading\" data-id=\"06ec046\" data-element_type=\"widget\" data-widget_type=\"heading.default\">\n\t\t\t\t<div class=\"elementor-widget-container\">\n\t\t\t\t\t<h4 class=\"elementor-heading-title elementor-size-default\">2. Estructura de personalitat<\/h4>\t\t\t\t<\/div>\n\t\t\t\t<\/div>\n\t\t\t\t<div class=\"elementor-element elementor-element-2ce17d5 elementor-widget elementor-widget-text-editor\" data-id=\"2ce17d5\" data-element_type=\"widget\" data-widget_type=\"text-editor.default\">\n\t\t\t\t<div class=\"elementor-widget-container\">\n\t\t\t\t\t\t\t\t\t<p>Acompanyem el proc\u00e9s d&#8217;autoconeixement per prevenir el patiment associat a la crisi d&#8217;identitat i no saber qu\u00e8 fer amb el futur professional.<\/p>\t\t\t\t\t\t\t\t<\/div>\n\t\t\t\t<\/div>\n\t\t\t\t\t<\/div>\n\t\t<\/div>\n\t\t\t\t<div class=\"aux-parallax-section elementor-column elementor-col-25 elementor-inner-column elementor-element elementor-element-5e92c4e\" data-id=\"5e92c4e\" data-element_type=\"column\">\n\t\t\t<div class=\"elementor-widget-wrap elementor-element-populated\">\n\t\t\t\t\t\t<div class=\"elementor-element elementor-element-184480d elementor-widget elementor-widget-heading\" data-id=\"184480d\" data-element_type=\"widget\" data-widget_type=\"heading.default\">\n\t\t\t\t<div class=\"elementor-widget-container\">\n\t\t\t\t\t<h4 class=\"elementor-heading-title elementor-size-default\">3. Psicoeducaci\u00f3 emocional<\/h4>\t\t\t\t<\/div>\n\t\t\t\t<\/div>\n\t\t\t\t<div class=\"elementor-element elementor-element-a65bcbc elementor-widget elementor-widget-text-editor\" data-id=\"a65bcbc\" data-element_type=\"widget\" data-widget_type=\"text-editor.default\">\n\t\t\t\t<div class=\"elementor-widget-container\">\n\t\t\t\t\t\t\t\t\t<p>Identificarem i gestionarem les emocions que poden distorsionar el proc\u00e9s de creixement treballant amb les fortaleses i debilitats de cada individu, servint com a punt de partida per al desenvolupament personal.<\/p>\t\t\t\t\t\t\t\t<\/div>\n\t\t\t\t<\/div>\n\t\t\t\t\t<\/div>\n\t\t<\/div>\n\t\t\t\t<div class=\"aux-parallax-section elementor-column elementor-col-25 elementor-inner-column elementor-element elementor-element-18884d4\" data-id=\"18884d4\" data-element_type=\"column\">\n\t\t\t<div class=\"elementor-widget-wrap elementor-element-populated\">\n\t\t\t\t\t\t<div class=\"elementor-element elementor-element-130a5d5 elementor-widget elementor-widget-heading\" data-id=\"130a5d5\" data-element_type=\"widget\" data-widget_type=\"heading.default\">\n\t\t\t\t<div class=\"elementor-widget-container\">\n\t\t\t\t\t<h4 class=\"elementor-heading-title elementor-size-default\">4. Projecte vital<\/h4>\t\t\t\t<\/div>\n\t\t\t\t<\/div>\n\t\t\t\t<div class=\"elementor-element elementor-element-be2cf76 elementor-widget elementor-widget-text-editor\" data-id=\"be2cf76\" data-element_type=\"widget\" data-widget_type=\"text-editor.default\">\n\t\t\t\t<div class=\"elementor-widget-container\">\n\t\t\t\t\t\t\t\t\t<p class=\"p1\">Integrar experi\u00e8ncies i recursos que us acompanyin en la seva realitzaci\u00f3 personal i desenvolupament de les seves habilitats per desplegar el potencial del seu talent innat.<\/p>\t\t\t\t\t\t\t\t<\/div>\n\t\t\t\t<\/div>\n\t\t\t\t\t<\/div>\n\t\t<\/div>\n\t\t\t\t\t<\/div>\n\t\t<\/section>\n\t\t\t\t\t<\/div>\n\t\t<\/div>\n\t\t\t\t\t<\/div>\n\t\t<\/section>\n\t\t\t\t<section class=\"elementor-section elementor-top-section elementor-element elementor-element-e64f05e elementor-section-boxed elementor-section-height-default elementor-section-height-default\" data-id=\"e64f05e\" data-element_type=\"section\" data-settings=\"{&quot;background_background&quot;:&quot;classic&quot;}\">\n\t\t\t\t\t\t<div class=\"elementor-container elementor-column-gap-no\">\n\t\t\t\t\t<div class=\"aux-parallax-section elementor-column elementor-col-100 elementor-top-column elementor-element elementor-element-bcbfa90\" data-id=\"bcbfa90\" data-element_type=\"column\">\n\t\t\t<div class=\"elementor-widget-wrap elementor-element-populated\">\n\t\t\t\t\t\t<div class=\"elementor-element elementor-element-1a27468 aux-appear-watch-animation aux-scale-down elementor-widget elementor-widget-aux_modern_heading\" data-id=\"1a27468\" data-element_type=\"widget\" data-widget_type=\"aux_modern_heading.default\">\n\t\t\t\t<div class=\"elementor-widget-container\">\n\t\t\t\t\t<section class=\"aux-widget-modern-heading\">\n            <div class=\"aux-widget-inner\"><h2 class=\"aux-modern-heading-primary\">Agendar cita<\/h2><h3 class=\"aux-modern-heading-secondary\"><span class=\"aux-head-before\">Totes les sessions s\u00f3n en directe, i poden ser presencials o en l\u00ednia<\/span><\/h3><div class=\"aux-modern-heading-description\"><p><b>Per agendar cita, l'\u00fanic que has de fer \u00e9s emplenar el formulari de contacte, i nosaltres ens posarem en contacte amb tu en menys de 24h.<\/b><\/p><\/div><\/div>\n        <\/section>\t\t\t\t<\/div>\n\t\t\t\t<\/div>\n\t\t\t\t\t<\/div>\n\t\t<\/div>\n\t\t\t\t\t<\/div>\n\t\t<\/section>\n\t\t\t\t<section class=\"elementor-section elementor-top-section elementor-element elementor-element-b5f813f elementor-section-boxed elementor-section-height-default elementor-section-height-default\" data-id=\"b5f813f\" data-element_type=\"section\">\n\t\t\t\t\t\t<div class=\"elementor-container elementor-column-gap-default\">\n\t\t\t\t\t<div class=\"aux-parallax-section elementor-column elementor-col-100 elementor-top-column elementor-element elementor-element-f1d7fab\" data-id=\"f1d7fab\" data-element_type=\"column\">\n\t\t\t<div class=\"elementor-widget-wrap elementor-element-populated\">\n\t\t\t\t\t\t<div class=\"elementor-element elementor-element-29ebbd7 elementor-align-center elementor-widget elementor-widget-button\" data-id=\"29ebbd7\" data-element_type=\"widget\" data-widget_type=\"button.default\">\n\t\t\t\t<div class=\"elementor-widget-container\">\n\t\t\t\t\t\t\t\t\t<div class=\"elementor-button-wrapper\">\n\t\t\t\t\t<a class=\"elementor-button elementor-button-link elementor-size-sm\" href=\"https:\/\/fundaciongeniotipo.org\/home\/contacto-ac\/\">\n\t\t\t\t\t\t<span class=\"elementor-button-content-wrapper\">\n\t\t\t\t\t\t\t\t\t<span class=\"elementor-button-text\">FORMULARI DE CONTACTO<\/span>\n\t\t\t\t\t<\/span>\n\t\t\t\t\t<\/a>\n\t\t\t\t<\/div>\n\t\t\t\t\t\t\t\t<\/div>\n\t\t\t\t<\/div>\n\t\t\t\t\t<\/div>\n\t\t<\/div>\n\t\t\t\t\t<\/div>\n\t\t<\/section>\n\t\t\t\t<\/div>\n\t\t","protected":false},"excerpt":{"rendered":"<p>Psicoter\u00e0pia per a adolescents Aquest acompanyament t&#8217;interessa si observes o perceps que el teu fill \u00e9s una persona que est\u00e0: -Amb poca motivaci\u00f3 a l&#8217;hora de continuar estudiant. -Desorientat vocacionalment. -Desanimat vitalment. -Perdut o amb malestar generalizat. -Necessitat d&#8217;acompanyament terap\u00e8utic. &#8220;El nostre objectiu \u00e9s que cada adolescent se senti capacitat i motivat per desenvolupar els [&hellip;]<\/p>\n","protected":false},"author":1,"featured_media":0,"parent":13293,"menu_order":0,"comment_status":"closed","ping_status":"closed","template":"templates\/page-builder-content.php","meta":{"_acf_changed":false,"inline_featured_image":false,"footnotes":""},"class_list":["post-13305","page","type-page","status-publish","hentry"],"acf":[],"_links":{"self":[{"href":"https:\/\/fundaciongeniotipo.org\/ca\/wp-json\/wp\/v2\/pages\/13305","targetHints":{"allow":["GET"]}}],"collection":[{"href":"https:\/\/fundaciongeniotipo.org\/ca\/wp-json\/wp\/v2\/pages"}],"about":[{"href":"https:\/\/fundaciongeniotipo.org\/ca\/wp-json\/wp\/v2\/types\/page"}],"author":[{"embeddable":true,"href":"https:\/\/fundaciongeniotipo.org\/ca\/wp-json\/wp\/v2\/users\/1"}],"replies":[{"embeddable":true,"href":"https:\/\/fundaciongeniotipo.org\/ca\/wp-json\/wp\/v2\/comments?post=13305"}],"version-history":[{"count":1,"href":"https:\/\/fundaciongeniotipo.org\/ca\/wp-json\/wp\/v2\/pages\/13305\/revisions"}],"predecessor-version":[{"id":13306,"href":"https:\/\/fundaciongeniotipo.org\/ca\/wp-json\/wp\/v2\/pages\/13305\/revisions\/13306"}],"up":[{"embeddable":true,"href":"https:\/\/fundaciongeniotipo.org\/ca\/wp-json\/wp\/v2\/pages\/13293"}],"wp:attachment":[{"href":"https:\/\/fundaciongeniotipo.org\/ca\/wp-json\/wp\/v2\/media?parent=13305"}],"curies":[{"name":"wp","href":"https:\/\/api.w.org\/{rel}","templated":true}]}}