{"id":13297,"date":"2024-10-15T16:47:25","date_gmt":"2024-10-15T14:47:25","guid":{"rendered":"https:\/\/fundaciongeniotipo.org\/accio-social\/"},"modified":"2025-08-28T19:15:52","modified_gmt":"2025-08-28T17:15:52","slug":"accio-social","status":"publish","type":"page","link":"https:\/\/fundaciongeniotipo.org\/ca\/accio-social\/","title":{"rendered":"Acci\u00f3 Social"},"content":{"rendered":"\t\t<div data-elementor-type=\"wp-post\" data-elementor-id=\"13297\" class=\"elementor elementor-13297 elementor-8749\" data-elementor-post-type=\"page\">\n\t\t\t\t\t\t<section class=\"elementor-section elementor-top-section elementor-element elementor-element-ac5f52e elementor-section-boxed elementor-section-height-default elementor-section-height-default\" data-id=\"ac5f52e\" data-element_type=\"section\">\n\t\t\t\t\t\t<div class=\"elementor-container elementor-column-gap-default\">\n\t\t\t\t\t<div class=\"aux-parallax-section elementor-column elementor-col-100 elementor-top-column elementor-element elementor-element-92d5736\" data-id=\"92d5736\" data-element_type=\"column\">\n\t\t\t<div class=\"elementor-widget-wrap\">\n\t\t\t\t\t\t\t<\/div>\n\t\t<\/div>\n\t\t\t\t\t<\/div>\n\t\t<\/section>\n\t\t\t\t<section class=\"elementor-section elementor-top-section elementor-element elementor-element-40ad4f1 elementor-section-boxed elementor-section-height-default elementor-section-height-default\" data-id=\"40ad4f1\" data-element_type=\"section\">\n\t\t\t\t\t\t<div class=\"elementor-container elementor-column-gap-default\">\n\t\t\t\t\t<div class=\"aux-parallax-section elementor-column elementor-col-100 elementor-top-column elementor-element elementor-element-26d9217\" data-id=\"26d9217\" data-element_type=\"column\">\n\t\t\t<div class=\"elementor-widget-wrap\">\n\t\t\t\t\t\t\t<\/div>\n\t\t<\/div>\n\t\t\t\t\t<\/div>\n\t\t<\/section>\n\t\t\t\t<section class=\"elementor-section elementor-top-section elementor-element elementor-element-ca639a6 elementor-section-boxed elementor-section-height-default elementor-section-height-default\" data-id=\"ca639a6\" data-element_type=\"section\">\n\t\t\t\t\t\t<div class=\"elementor-container elementor-column-gap-default\">\n\t\t\t\t\t<div class=\"aux-parallax-section elementor-column elementor-col-100 elementor-top-column elementor-element elementor-element-a698911\" data-id=\"a698911\" data-element_type=\"column\">\n\t\t\t<div class=\"elementor-widget-wrap\">\n\t\t\t\t\t\t\t<\/div>\n\t\t<\/div>\n\t\t\t\t\t<\/div>\n\t\t<\/section>\n\t\t\t\t<section class=\"elementor-section elementor-top-section elementor-element elementor-element-4afc28d elementor-section-boxed elementor-section-height-default elementor-section-height-default\" data-id=\"4afc28d\" data-element_type=\"section\">\n\t\t\t\t\t\t<div class=\"elementor-container elementor-column-gap-no\">\n\t\t\t\t\t<div class=\"aux-parallax-section elementor-column elementor-col-100 elementor-top-column elementor-element elementor-element-22d6653\" data-id=\"22d6653\" data-element_type=\"column\">\n\t\t\t<div class=\"elementor-widget-wrap elementor-element-populated\">\n\t\t\t\t\t\t<div class=\"elementor-element elementor-element-ddb6576 aux-appear-watch-animation aux-scale-down elementor-widget elementor-widget-aux_modern_heading\" data-id=\"ddb6576\" data-element_type=\"widget\" data-widget_type=\"aux_modern_heading.default\">\n\t\t\t\t<div class=\"elementor-widget-container\">\n\t\t\t\t\t<section class=\"aux-widget-modern-heading\">\n            <div class=\"aux-widget-inner\"><h2 class=\"aux-modern-heading-primary\">Transformem des del talent<\/h2><div class=\"aux-modern-heading-description\"><p>La majoria dels nostres recursos estan destinats a <strong>l'exploraci\u00f3 i la indagaci\u00f3 del talen<\/strong>t a trav\u00e9s<br>eines cient\u00edfiques com la psicometria, la psicologia conductual i el PIH, que s\u00f3n la base del nostre <span style=\"color: #14c691\"><strong>M\u00e8tode Geniotip<\/strong>, <span style=\"color: #000000\">en quina apliquem als nostres fins socials.<\/span><\/span><\/p><\/div><\/div>\n        <\/section>\t\t\t\t<\/div>\n\t\t\t\t<\/div>\n\t\t\t\t\t<\/div>\n\t\t<\/div>\n\t\t\t\t\t<\/div>\n\t\t<\/section>\n\t\t\t\t<section class=\"elementor-section elementor-top-section elementor-element elementor-element-26844c35 elementor-section-boxed elementor-section-height-default elementor-section-height-default\" data-id=\"26844c35\" data-element_type=\"section\" data-settings=\"{&quot;background_background&quot;:&quot;classic&quot;}\">\n\t\t\t\t\t\t<div class=\"elementor-container elementor-column-gap-no\">\n\t\t\t\t\t<div class=\"aux-parallax-section elementor-column elementor-col-100 elementor-top-column elementor-element elementor-element-5d168f2d\" data-id=\"5d168f2d\" data-element_type=\"column\">\n\t\t\t<div class=\"elementor-widget-wrap elementor-element-populated\">\n\t\t\t\t\t\t<div class=\"elementor-element elementor-element-4299f3ce aux-appear-watch-animation aux-scale-down elementor-widget elementor-widget-aux_modern_heading\" data-id=\"4299f3ce\" data-element_type=\"widget\" data-widget_type=\"aux_modern_heading.default\">\n\t\t\t\t<div class=\"elementor-widget-container\">\n\t\t\t\t\t<section class=\"aux-widget-modern-heading\">\n            <div class=\"aux-widget-inner\"><h2 class=\"aux-modern-heading-primary\"><\/h2><div class=\"aux-modern-heading-description\"><p>A m\u00e9s, del nostre M\u00e8tode Geniotip, garantim i impulsem el desenvolupament<br>per assolir la <b>Sostenibilitat Social <\/b>establerta per les ODS.<\/p><\/div><\/div>\n        <\/section>\t\t\t\t<\/div>\n\t\t\t\t<\/div>\n\t\t\t\t<section class=\"elementor-section elementor-inner-section elementor-element elementor-element-f883faa elementor-section-boxed elementor-section-height-default elementor-section-height-default\" data-id=\"f883faa\" data-element_type=\"section\">\n\t\t\t\t\t\t<div class=\"elementor-container elementor-column-gap-default\">\n\t\t\t\t\t<div class=\"aux-parallax-section elementor-column elementor-col-25 elementor-inner-column elementor-element elementor-element-7f731c5\" data-id=\"7f731c5\" data-element_type=\"column\">\n\t\t\t<div class=\"elementor-widget-wrap elementor-element-populated\">\n\t\t\t\t\t\t<div class=\"elementor-element elementor-element-8afc718 elementor-widget elementor-widget-image\" data-id=\"8afc718\" data-element_type=\"widget\" data-widget_type=\"image.default\">\n\t\t\t\t<div class=\"elementor-widget-container\">\n\t\t\t\t\t\t\t\t\t\t\t\t\t\t\t<img fetchpriority=\"high\" decoding=\"async\" width=\"1024\" height=\"1024\" src=\"https:\/\/fundaciongeniotipo.org\/wp-content\/uploads\/2024\/10\/sdg4-1024x1024.png\" class=\"attachment-large size-large wp-image-8763\" alt=\"\" srcset=\"https:\/\/fundaciongeniotipo.org\/wp-content\/uploads\/2024\/10\/sdg4-1024x1024.png 1024w, https:\/\/fundaciongeniotipo.org\/wp-content\/uploads\/2024\/10\/sdg4-300x300.png 300w, https:\/\/fundaciongeniotipo.org\/wp-content\/uploads\/2024\/10\/sdg4-150x150.png 150w, https:\/\/fundaciongeniotipo.org\/wp-content\/uploads\/2024\/10\/sdg4-768x768.png 768w, https:\/\/fundaciongeniotipo.org\/wp-content\/uploads\/2024\/10\/sdg4-200x200.png 200w, https:\/\/fundaciongeniotipo.org\/wp-content\/uploads\/2024\/10\/sdg4-600x600.png 600w, https:\/\/fundaciongeniotipo.org\/wp-content\/uploads\/2024\/10\/sdg4-100x100.png 100w, https:\/\/fundaciongeniotipo.org\/wp-content\/uploads\/2024\/10\/sdg4.png 1536w\" sizes=\"(max-width: 1024px) 100vw, 1024px\" \/>\t\t\t\t\t\t\t\t\t\t\t\t\t\t\t<\/div>\n\t\t\t\t<\/div>\n\t\t\t\t\t<\/div>\n\t\t<\/div>\n\t\t\t\t<div class=\"aux-parallax-section elementor-column elementor-col-25 elementor-inner-column elementor-element elementor-element-85893cf\" data-id=\"85893cf\" data-element_type=\"column\">\n\t\t\t<div class=\"elementor-widget-wrap elementor-element-populated\">\n\t\t\t\t\t\t<div class=\"elementor-element elementor-element-85c96cb elementor-widget elementor-widget-image\" data-id=\"85c96cb\" data-element_type=\"widget\" data-widget_type=\"image.default\">\n\t\t\t\t<div class=\"elementor-widget-container\">\n\t\t\t\t\t\t\t\t\t\t\t\t\t\t\t<img decoding=\"async\" width=\"1024\" height=\"1024\" src=\"https:\/\/fundaciongeniotipo.org\/wp-content\/uploads\/2024\/10\/S-WEB-Goal-08_0-1024x1024.png\" class=\"attachment-large size-large wp-image-8761\" alt=\"\" srcset=\"https:\/\/fundaciongeniotipo.org\/wp-content\/uploads\/2024\/10\/S-WEB-Goal-08_0-1024x1024.png 1024w, https:\/\/fundaciongeniotipo.org\/wp-content\/uploads\/2024\/10\/S-WEB-Goal-08_0-300x300.png 300w, https:\/\/fundaciongeniotipo.org\/wp-content\/uploads\/2024\/10\/S-WEB-Goal-08_0-150x150.png 150w, https:\/\/fundaciongeniotipo.org\/wp-content\/uploads\/2024\/10\/S-WEB-Goal-08_0-768x768.png 768w, https:\/\/fundaciongeniotipo.org\/wp-content\/uploads\/2024\/10\/S-WEB-Goal-08_0-100x100.png 100w\" sizes=\"(max-width: 1024px) 100vw, 1024px\" \/>\t\t\t\t\t\t\t\t\t\t\t\t\t\t\t<\/div>\n\t\t\t\t<\/div>\n\t\t\t\t\t<\/div>\n\t\t<\/div>\n\t\t\t\t<div class=\"aux-parallax-section elementor-column elementor-col-25 elementor-inner-column elementor-element elementor-element-43cf66c\" data-id=\"43cf66c\" data-element_type=\"column\">\n\t\t\t<div class=\"elementor-widget-wrap elementor-element-populated\">\n\t\t\t\t\t\t<div class=\"elementor-element elementor-element-a3c47af elementor-widget elementor-widget-image\" data-id=\"a3c47af\" data-element_type=\"widget\" data-widget_type=\"image.default\">\n\t\t\t\t<div class=\"elementor-widget-container\">\n\t\t\t\t\t\t\t\t\t\t\t\t\t\t\t<img decoding=\"async\" width=\"1024\" height=\"1024\" src=\"https:\/\/fundaciongeniotipo.org\/wp-content\/uploads\/2024\/10\/sdg10-1024x1024.png\" class=\"attachment-large size-large wp-image-8765\" alt=\"\" srcset=\"https:\/\/fundaciongeniotipo.org\/wp-content\/uploads\/2024\/10\/sdg10-1024x1024.png 1024w, https:\/\/fundaciongeniotipo.org\/wp-content\/uploads\/2024\/10\/sdg10-300x300.png 300w, https:\/\/fundaciongeniotipo.org\/wp-content\/uploads\/2024\/10\/sdg10-150x150.png 150w, https:\/\/fundaciongeniotipo.org\/wp-content\/uploads\/2024\/10\/sdg10-768x768.png 768w, https:\/\/fundaciongeniotipo.org\/wp-content\/uploads\/2024\/10\/sdg10-200x200.png 200w, https:\/\/fundaciongeniotipo.org\/wp-content\/uploads\/2024\/10\/sdg10-600x600.png 600w, https:\/\/fundaciongeniotipo.org\/wp-content\/uploads\/2024\/10\/sdg10-100x100.png 100w, https:\/\/fundaciongeniotipo.org\/wp-content\/uploads\/2024\/10\/sdg10.png 1536w\" sizes=\"(max-width: 1024px) 100vw, 1024px\" \/>\t\t\t\t\t\t\t\t\t\t\t\t\t\t\t<\/div>\n\t\t\t\t<\/div>\n\t\t\t\t\t<\/div>\n\t\t<\/div>\n\t\t\t\t<div class=\"aux-parallax-section elementor-column elementor-col-25 elementor-inner-column elementor-element elementor-element-a8a70c9\" data-id=\"a8a70c9\" data-element_type=\"column\">\n\t\t\t<div class=\"elementor-widget-wrap elementor-element-populated\">\n\t\t\t\t\t\t<div class=\"elementor-element elementor-element-fa0427e elementor-widget elementor-widget-image\" data-id=\"fa0427e\" data-element_type=\"widget\" data-widget_type=\"image.default\">\n\t\t\t\t<div class=\"elementor-widget-container\">\n\t\t\t\t\t\t\t\t\t\t\t\t\t\t\t<img loading=\"lazy\" decoding=\"async\" width=\"1024\" height=\"1024\" src=\"https:\/\/fundaciongeniotipo.org\/wp-content\/uploads\/2024\/10\/sdg17-1024x1024.png\" class=\"attachment-large size-large wp-image-8767\" alt=\"\" srcset=\"https:\/\/fundaciongeniotipo.org\/wp-content\/uploads\/2024\/10\/sdg17-1024x1024.png 1024w, https:\/\/fundaciongeniotipo.org\/wp-content\/uploads\/2024\/10\/sdg17-300x300.png 300w, https:\/\/fundaciongeniotipo.org\/wp-content\/uploads\/2024\/10\/sdg17-150x150.png 150w, https:\/\/fundaciongeniotipo.org\/wp-content\/uploads\/2024\/10\/sdg17-768x768.png 768w, https:\/\/fundaciongeniotipo.org\/wp-content\/uploads\/2024\/10\/sdg17-200x200.png 200w, https:\/\/fundaciongeniotipo.org\/wp-content\/uploads\/2024\/10\/sdg17-600x600.png 600w, https:\/\/fundaciongeniotipo.org\/wp-content\/uploads\/2024\/10\/sdg17-100x100.png 100w, https:\/\/fundaciongeniotipo.org\/wp-content\/uploads\/2024\/10\/sdg17.png 1536w\" sizes=\"(max-width: 1024px) 100vw, 1024px\" \/>\t\t\t\t\t\t\t\t\t\t\t\t\t\t\t<\/div>\n\t\t\t\t<\/div>\n\t\t\t\t\t<\/div>\n\t\t<\/div>\n\t\t\t\t\t<\/div>\n\t\t<\/section>\n\t\t\t\t\t<\/div>\n\t\t<\/div>\n\t\t\t\t\t<\/div>\n\t\t<\/section>\n\t\t\t\t<section class=\"elementor-section elementor-top-section elementor-element elementor-element-eb73a73 elementor-section-boxed elementor-section-height-default elementor-section-height-default\" data-id=\"eb73a73\" data-element_type=\"section\">\n\t\t\t\t\t\t<div class=\"elementor-container elementor-column-gap-default\">\n\t\t\t\t\t<div class=\"aux-parallax-section elementor-column elementor-col-100 elementor-top-column elementor-element elementor-element-355f9a1\" data-id=\"355f9a1\" data-element_type=\"column\">\n\t\t\t<div class=\"elementor-widget-wrap elementor-element-populated\">\n\t\t\t\t\t\t<section class=\"elementor-section elementor-inner-section elementor-element elementor-element-05f9d9b elementor-section-boxed elementor-section-height-default elementor-section-height-default\" data-id=\"05f9d9b\" data-element_type=\"section\">\n\t\t\t\t\t\t<div class=\"elementor-container elementor-column-gap-default\">\n\t\t\t\t\t<div class=\"aux-parallax-section elementor-column elementor-col-100 elementor-inner-column elementor-element elementor-element-669566a\" data-id=\"669566a\" data-element_type=\"column\">\n\t\t\t<div class=\"elementor-widget-wrap elementor-element-populated\">\n\t\t\t\t\t\t<div class=\"elementor-element elementor-element-bc3779b elementor-widget elementor-widget-heading\" data-id=\"bc3779b\" data-element_type=\"widget\" data-widget_type=\"heading.default\">\n\t\t\t\t<div class=\"elementor-widget-container\">\n\t\t\t\t\t<h2 class=\"elementor-heading-title elementor-size-default\">Aquests s\u00f3n els nostres projectes socials:<\/h2>\t\t\t\t<\/div>\n\t\t\t\t<\/div>\n\t\t\t\t\t<\/div>\n\t\t<\/div>\n\t\t\t\t\t<\/div>\n\t\t<\/section>\n\t\t\t\t\t<\/div>\n\t\t<\/div>\n\t\t\t\t\t<\/div>\n\t\t<\/section>\n\t\t\t\t<section class=\"elementor-section elementor-top-section elementor-element elementor-element-c230da4 elementor-section-boxed elementor-section-height-default elementor-section-height-default\" data-id=\"c230da4\" data-element_type=\"section\">\n\t\t\t\t\t\t<div class=\"elementor-container elementor-column-gap-default\">\n\t\t\t\t\t<div class=\"aux-parallax-section elementor-column elementor-col-100 elementor-top-column elementor-element elementor-element-f07b2ab\" data-id=\"f07b2ab\" data-element_type=\"column\">\n\t\t\t<div class=\"elementor-widget-wrap elementor-element-populated\">\n\t\t\t\t\t\t<div class=\"elementor-element elementor-element-21c7540 elementor-widget elementor-widget-heading\" data-id=\"21c7540\" data-element_type=\"widget\" data-widget_type=\"heading.default\">\n\t\t\t\t<div class=\"elementor-widget-container\">\n\t\t\t\t\t<h4 class=\"elementor-heading-title elementor-size-default\">Investigaci\u00f3 sobre Salut Mental adolescent sobre la base del talent.<\/h4>\t\t\t\t<\/div>\n\t\t\t\t<\/div>\n\t\t\t\t<div class=\"elementor-element elementor-element-ad49598 elementor-widget elementor-widget-image\" data-id=\"ad49598\" data-element_type=\"widget\" data-widget_type=\"image.default\">\n\t\t\t\t<div class=\"elementor-widget-container\">\n\t\t\t\t\t\t\t\t\t\t\t\t\t\t\t<img loading=\"lazy\" decoding=\"async\" width=\"1920\" height=\"1080\" src=\"https:\/\/fundaciongeniotipo.org\/wp-content\/uploads\/2024\/10\/IMG_0780.png\" class=\"attachment-full size-full wp-image-8769\" alt=\"\" srcset=\"https:\/\/fundaciongeniotipo.org\/wp-content\/uploads\/2024\/10\/IMG_0780.png 1920w, https:\/\/fundaciongeniotipo.org\/wp-content\/uploads\/2024\/10\/IMG_0780-1536x864.png 1536w, https:\/\/fundaciongeniotipo.org\/wp-content\/uploads\/2024\/10\/IMG_0780-200x113.png 200w, https:\/\/fundaciongeniotipo.org\/wp-content\/uploads\/2024\/10\/IMG_0780-600x338.png 600w\" sizes=\"(max-width: 1920px) 100vw, 1920px\" \/>\t\t\t\t\t\t\t\t\t\t\t\t\t\t\t<\/div>\n\t\t\t\t<\/div>\n\t\t\t\t<div class=\"elementor-element elementor-element-ea6be0f elementor-align-center elementor-widget elementor-widget-button\" data-id=\"ea6be0f\" data-element_type=\"widget\" data-widget_type=\"button.default\">\n\t\t\t\t<div class=\"elementor-widget-container\">\n\t\t\t\t\t\t\t\t\t<div class=\"elementor-button-wrapper\">\n\t\t\t\t\t<a class=\"elementor-button elementor-button-link elementor-size-sm\" href=\"https:\/\/fundaciongeniotipo.org\/investigaciones\/salud-mental-besai\/\">\n\t\t\t\t\t\t<span class=\"elementor-button-content-wrapper\">\n\t\t\t\t\t\t\t\t\t<span class=\"elementor-button-text\">Saber m\u00e9s<\/span>\n\t\t\t\t\t<\/span>\n\t\t\t\t\t<\/a>\n\t\t\t\t<\/div>\n\t\t\t\t\t\t\t\t<\/div>\n\t\t\t\t<\/div>\n\t\t\t\t\t<\/div>\n\t\t<\/div>\n\t\t\t\t\t<\/div>\n\t\t<\/section>\n\t\t\t\t<section class=\"elementor-section elementor-top-section elementor-element elementor-element-94936ca elementor-section-boxed elementor-section-height-default elementor-section-height-default\" data-id=\"94936ca\" data-element_type=\"section\">\n\t\t\t\t\t\t<div class=\"elementor-container elementor-column-gap-default\">\n\t\t\t\t\t<div class=\"aux-parallax-section elementor-column elementor-col-100 elementor-top-column elementor-element elementor-element-0399603\" data-id=\"0399603\" data-element_type=\"column\">\n\t\t\t<div class=\"elementor-widget-wrap elementor-element-populated\">\n\t\t\t\t\t\t<div class=\"elementor-element elementor-element-3989fb5 elementor-widget elementor-widget-heading\" data-id=\"3989fb5\" data-element_type=\"widget\" data-widget_type=\"heading.default\">\n\t\t\t\t<div class=\"elementor-widget-container\">\n\t\t\t\t\t<h4 class=\"elementor-heading-title elementor-size-default\">Programes dinserci\u00f3 laboral.<\/h4>\t\t\t\t<\/div>\n\t\t\t\t<\/div>\n\t\t\t\t<div class=\"elementor-element elementor-element-013d007 elementor-widget elementor-widget-image\" data-id=\"013d007\" data-element_type=\"widget\" data-widget_type=\"image.default\">\n\t\t\t\t<div class=\"elementor-widget-container\">\n\t\t\t\t\t\t\t\t\t\t\t\t\t\t\t<img loading=\"lazy\" decoding=\"async\" width=\"1920\" height=\"1080\" src=\"https:\/\/fundaciongeniotipo.org\/wp-content\/uploads\/2024\/10\/IMG_0781.png\" class=\"attachment-full size-full wp-image-8777\" alt=\"\" srcset=\"https:\/\/fundaciongeniotipo.org\/wp-content\/uploads\/2024\/10\/IMG_0781.png 1920w, https:\/\/fundaciongeniotipo.org\/wp-content\/uploads\/2024\/10\/IMG_0781-1536x864.png 1536w, https:\/\/fundaciongeniotipo.org\/wp-content\/uploads\/2024\/10\/IMG_0781-200x113.png 200w, https:\/\/fundaciongeniotipo.org\/wp-content\/uploads\/2024\/10\/IMG_0781-600x338.png 600w\" sizes=\"(max-width: 1920px) 100vw, 1920px\" \/>\t\t\t\t\t\t\t\t\t\t\t\t\t\t\t<\/div>\n\t\t\t\t<\/div>\n\t\t\t\t<div class=\"elementor-element elementor-element-1941af3 elementor-align-center elementor-widget elementor-widget-button\" data-id=\"1941af3\" data-element_type=\"widget\" data-widget_type=\"button.default\">\n\t\t\t\t<div class=\"elementor-widget-container\">\n\t\t\t\t\t\t\t\t\t<div class=\"elementor-button-wrapper\">\n\t\t\t\t\t<a class=\"elementor-button elementor-button-link elementor-size-sm\" href=\"https:\/\/fundaciongeniotipo.org\/accion-social\/obrador\/\">\n\t\t\t\t\t\t<span class=\"elementor-button-content-wrapper\">\n\t\t\t\t\t\t\t\t\t<span class=\"elementor-button-text\">Saber m\u00e9s<\/span>\n\t\t\t\t\t<\/span>\n\t\t\t\t\t<\/a>\n\t\t\t\t<\/div>\n\t\t\t\t\t\t\t\t<\/div>\n\t\t\t\t<\/div>\n\t\t\t\t\t<\/div>\n\t\t<\/div>\n\t\t\t\t\t<\/div>\n\t\t<\/section>\n\t\t\t\t<section class=\"elementor-section elementor-top-section elementor-element elementor-element-c3910c6 elementor-section-boxed elementor-section-height-default elementor-section-height-default\" data-id=\"c3910c6\" data-element_type=\"section\">\n\t\t\t\t\t\t<div class=\"elementor-container elementor-column-gap-default\">\n\t\t\t\t\t<div class=\"aux-parallax-section elementor-column elementor-col-100 elementor-top-column elementor-element elementor-element-5d6b081\" data-id=\"5d6b081\" data-element_type=\"column\">\n\t\t\t<div class=\"elementor-widget-wrap elementor-element-populated\">\n\t\t\t\t\t\t<div class=\"elementor-element elementor-element-dff0868 elementor-widget elementor-widget-heading\" data-id=\"dff0868\" data-element_type=\"widget\" data-widget_type=\"heading.default\">\n\t\t\t\t<div class=\"elementor-widget-container\">\n\t\t\t\t\t<h4 class=\"elementor-heading-title elementor-size-default\">Yo Creo: una Tribu de voluntaris per fer pedagogia del talent.<\/h4>\t\t\t\t<\/div>\n\t\t\t\t<\/div>\n\t\t\t\t<div class=\"elementor-element elementor-element-b749886 elementor-widget elementor-widget-image\" data-id=\"b749886\" data-element_type=\"widget\" data-widget_type=\"image.default\">\n\t\t\t\t<div class=\"elementor-widget-container\">\n\t\t\t\t\t\t\t\t\t\t\t\t\t\t\t<img loading=\"lazy\" decoding=\"async\" width=\"1920\" height=\"1080\" src=\"https:\/\/fundaciongeniotipo.org\/wp-content\/uploads\/2024\/10\/IMG_0779.png\" class=\"attachment-full size-full wp-image-8757\" alt=\"\" srcset=\"https:\/\/fundaciongeniotipo.org\/wp-content\/uploads\/2024\/10\/IMG_0779.png 1920w, https:\/\/fundaciongeniotipo.org\/wp-content\/uploads\/2024\/10\/IMG_0779-1536x864.png 1536w, https:\/\/fundaciongeniotipo.org\/wp-content\/uploads\/2024\/10\/IMG_0779-200x113.png 200w, https:\/\/fundaciongeniotipo.org\/wp-content\/uploads\/2024\/10\/IMG_0779-600x338.png 600w\" sizes=\"(max-width: 1920px) 100vw, 1920px\" \/>\t\t\t\t\t\t\t\t\t\t\t\t\t\t\t<\/div>\n\t\t\t\t<\/div>\n\t\t\t\t<div class=\"elementor-element elementor-element-b39027b elementor-align-center elementor-widget elementor-widget-button\" data-id=\"b39027b\" data-element_type=\"widget\" data-widget_type=\"button.default\">\n\t\t\t\t<div class=\"elementor-widget-container\">\n\t\t\t\t\t\t\t\t\t<div class=\"elementor-button-wrapper\">\n\t\t\t\t\t<a class=\"elementor-button elementor-button-link elementor-size-sm\" href=\"https:\/\/fundaciongeniotipo.org\/ca\/ingenium-5\/ingenium-2\/\">\n\t\t\t\t\t\t<span class=\"elementor-button-content-wrapper\">\n\t\t\t\t\t\t\t\t\t<span class=\"elementor-button-text\">Saber m\u00e9s<\/span>\n\t\t\t\t\t<\/span>\n\t\t\t\t\t<\/a>\n\t\t\t\t<\/div>\n\t\t\t\t\t\t\t\t<\/div>\n\t\t\t\t<\/div>\n\t\t\t\t\t<\/div>\n\t\t<\/div>\n\t\t\t\t\t<\/div>\n\t\t<\/section>\n\t\t\t\t<section class=\"elementor-section elementor-top-section elementor-element elementor-element-4fea651 elementor-section-boxed elementor-section-height-default elementor-section-height-default\" data-id=\"4fea651\" data-element_type=\"section\">\n\t\t\t\t\t\t<div class=\"elementor-container elementor-column-gap-default\">\n\t\t\t\t\t<div class=\"aux-parallax-section elementor-column elementor-col-100 elementor-top-column elementor-element elementor-element-96b6689\" data-id=\"96b6689\" data-element_type=\"column\">\n\t\t\t<div class=\"elementor-widget-wrap elementor-element-populated\">\n\t\t\t\t\t\t<div class=\"elementor-element elementor-element-c46d283 elementor-widget elementor-widget-heading\" data-id=\"c46d283\" data-element_type=\"widget\" data-widget_type=\"heading.default\">\n\t\t\t\t<div class=\"elementor-widget-container\">\n\t\t\t\t\t<h4 class=\"elementor-heading-title elementor-size-default\">Yo eduko: una Tribu per a aquells professors que volen transformar l'educaci\u00f3.<\/h4>\t\t\t\t<\/div>\n\t\t\t\t<\/div>\n\t\t\t\t<div class=\"elementor-element elementor-element-c9b8733 elementor-widget elementor-widget-image\" data-id=\"c9b8733\" data-element_type=\"widget\" data-widget_type=\"image.default\">\n\t\t\t\t<div class=\"elementor-widget-container\">\n\t\t\t\t\t\t\t\t\t\t\t\t\t\t\t<img loading=\"lazy\" decoding=\"async\" width=\"1920\" height=\"1080\" src=\"https:\/\/fundaciongeniotipo.org\/wp-content\/uploads\/2024\/10\/IMG_0782.png\" class=\"attachment-full size-full wp-image-8779\" alt=\"\" srcset=\"https:\/\/fundaciongeniotipo.org\/wp-content\/uploads\/2024\/10\/IMG_0782.png 1920w, https:\/\/fundaciongeniotipo.org\/wp-content\/uploads\/2024\/10\/IMG_0782-1536x864.png 1536w, https:\/\/fundaciongeniotipo.org\/wp-content\/uploads\/2024\/10\/IMG_0782-200x113.png 200w, https:\/\/fundaciongeniotipo.org\/wp-content\/uploads\/2024\/10\/IMG_0782-600x338.png 600w\" sizes=\"(max-width: 1920px) 100vw, 1920px\" \/>\t\t\t\t\t\t\t\t\t\t\t\t\t\t\t<\/div>\n\t\t\t\t<\/div>\n\t\t\t\t<div class=\"elementor-element elementor-element-a570355 elementor-align-center elementor-widget elementor-widget-button\" data-id=\"a570355\" data-element_type=\"widget\" data-widget_type=\"button.default\">\n\t\t\t\t<div class=\"elementor-widget-container\">\n\t\t\t\t\t\t\t\t\t<div class=\"elementor-button-wrapper\">\n\t\t\t\t\t<a class=\"elementor-button elementor-button-link elementor-size-sm\" href=\"https:\/\/fundaciongeniotipo.org\/ca\/ingenium-5\/fundacio\/\">\n\t\t\t\t\t\t<span class=\"elementor-button-content-wrapper\">\n\t\t\t\t\t\t\t\t\t<span class=\"elementor-button-text\">Saber m\u00e9s<\/span>\n\t\t\t\t\t<\/span>\n\t\t\t\t\t<\/a>\n\t\t\t\t<\/div>\n\t\t\t\t\t\t\t\t<\/div>\n\t\t\t\t<\/div>\n\t\t\t\t\t<\/div>\n\t\t<\/div>\n\t\t\t\t\t<\/div>\n\t\t<\/section>\n\t\t\t\t<\/div>\n\t\t","protected":false},"excerpt":{"rendered":"<p>Transformem des del talent La majoria dels nostres recursos estan destinats a l&#8217;exploraci\u00f3 i la indagaci\u00f3 del talent a trav\u00e9seines cient\u00edfiques com la psicometria, la psicologia conductual i el PIH, que s\u00f3n la base del nostre M\u00e8tode Geniotip, en quina apliquem als nostres fins socials. A m\u00e9s, del nostre M\u00e8tode Geniotip, garantim i impulsem el [&hellip;]<\/p>\n","protected":false},"author":1,"featured_media":0,"parent":0,"menu_order":0,"comment_status":"closed","ping_status":"closed","template":"templates\/page-builder-content.php","meta":{"_acf_changed":false,"inline_featured_image":false,"footnotes":""},"class_list":["post-13297","page","type-page","status-publish","hentry"],"acf":[],"_links":{"self":[{"href":"https:\/\/fundaciongeniotipo.org\/ca\/wp-json\/wp\/v2\/pages\/13297","targetHints":{"allow":["GET"]}}],"collection":[{"href":"https:\/\/fundaciongeniotipo.org\/ca\/wp-json\/wp\/v2\/pages"}],"about":[{"href":"https:\/\/fundaciongeniotipo.org\/ca\/wp-json\/wp\/v2\/types\/page"}],"author":[{"embeddable":true,"href":"https:\/\/fundaciongeniotipo.org\/ca\/wp-json\/wp\/v2\/users\/1"}],"replies":[{"embeddable":true,"href":"https:\/\/fundaciongeniotipo.org\/ca\/wp-json\/wp\/v2\/comments?post=13297"}],"version-history":[{"count":1,"href":"https:\/\/fundaciongeniotipo.org\/ca\/wp-json\/wp\/v2\/pages\/13297\/revisions"}],"predecessor-version":[{"id":13298,"href":"https:\/\/fundaciongeniotipo.org\/ca\/wp-json\/wp\/v2\/pages\/13297\/revisions\/13298"}],"wp:attachment":[{"href":"https:\/\/fundaciongeniotipo.org\/ca\/wp-json\/wp\/v2\/media?parent=13297"}],"curies":[{"name":"wp","href":"https:\/\/api.w.org\/{rel}","templated":true}]}}