{"id":13293,"date":"2024-07-20T11:15:11","date_gmt":"2024-07-20T09:15:11","guid":{"rendered":"https:\/\/fundaciongeniotipo.org\/acompanyament\/"},"modified":"2025-08-28T19:11:08","modified_gmt":"2025-08-28T17:11:08","slug":"acompanyament","status":"publish","type":"page","link":"https:\/\/fundaciongeniotipo.org\/ca\/acompanyament\/","title":{"rendered":"Acompanyament"},"content":{"rendered":"\t\t<div data-elementor-type=\"wp-post\" data-elementor-id=\"13293\" class=\"elementor elementor-13293 elementor-6919\" data-elementor-post-type=\"page\">\n\t\t\t\t\t\t<section class=\"elementor-section elementor-top-section elementor-element elementor-element-26844c35 elementor-section-boxed elementor-section-height-default elementor-section-height-default\" data-id=\"26844c35\" data-element_type=\"section\">\n\t\t\t\t\t\t<div class=\"elementor-container elementor-column-gap-no\">\n\t\t\t\t\t<div class=\"aux-parallax-section elementor-column elementor-col-100 elementor-top-column elementor-element elementor-element-5d168f2d\" data-id=\"5d168f2d\" data-element_type=\"column\">\n\t\t\t<div class=\"elementor-widget-wrap elementor-element-populated\">\n\t\t\t\t\t\t<div class=\"elementor-element elementor-element-4299f3ce aux-appear-watch-animation aux-scale-down elementor-widget elementor-widget-aux_modern_heading\" data-id=\"4299f3ce\" data-element_type=\"widget\" data-widget_type=\"aux_modern_heading.default\">\n\t\t\t\t<div class=\"elementor-widget-container\">\n\t\t\t\t\t<section class=\"aux-widget-modern-heading\">\n            <div class=\"aux-widget-inner\"><h2 class=\"aux-modern-heading-primary\">Volem acompanyar-te<\/h2><div class=\"aux-modern-heading-description\"><p>A m\u00e9s del nostre M\u00e8tode Geniotip, tenim altres maneres d'acompanyar-te.<\/p><\/div><\/div>\n        <\/section>\t\t\t\t<\/div>\n\t\t\t\t<\/div>\n\t\t\t\t\t<\/div>\n\t\t<\/div>\n\t\t\t\t\t<\/div>\n\t\t<\/section>\n\t\t\t\t<section class=\"elementor-section elementor-top-section elementor-element elementor-element-f705828 elementor-section-boxed elementor-section-height-default elementor-section-height-default\" data-id=\"f705828\" data-element_type=\"section\">\n\t\t\t\t\t\t<div class=\"elementor-container elementor-column-gap-default\">\n\t\t\t\t\t<div class=\"aux-parallax-section elementor-column elementor-col-100 elementor-top-column elementor-element elementor-element-450533c\" data-id=\"450533c\" data-element_type=\"column\">\n\t\t\t<div class=\"elementor-widget-wrap elementor-element-populated\">\n\t\t\t\t\t\t<section class=\"elementor-section elementor-inner-section elementor-element elementor-element-b3047c0 elementor-section-boxed elementor-section-height-default elementor-section-height-default\" data-id=\"b3047c0\" data-element_type=\"section\">\n\t\t\t\t\t\t<div class=\"elementor-container elementor-column-gap-no\">\n\t\t\t\t\t<div class=\"aux-parallax-section elementor-column elementor-col-33 elementor-inner-column elementor-element elementor-element-12e715c\" data-id=\"12e715c\" data-element_type=\"column\">\n\t\t\t<div class=\"elementor-widget-wrap elementor-element-populated\">\n\t\t\t\t\t\t<div class=\"elementor-element elementor-element-05f8a14 elementor-widget elementor-widget-aux_text\" data-id=\"05f8a14\" data-element_type=\"widget\" data-widget_type=\"aux_text.default\">\n\t\t\t\t<div class=\"elementor-widget-container\">\n\t\t\t\t\t<section class=\"widget-container aux-widget-text aux-parent-au97cc783f\">        <div class=\"aux-widget-advanced-text aux-wrap-style-simple aux-ico-pos- aux-text-center aux-text-resp- aux-text-color-dark aux-text-widget-bg-center  \" >\n        \n            \n            <div class=\"aux-text-inner aux-text-widget-content\">\n                                <h4 class=\"col-title\">Mapa del Geniotipo<\/h4>\n                                <div class=\"widget-content\">\n                                        <p><img decoding=\"async\" class=\"alignnone wp-image-7630\" src=\"https:\/\/fundaciongeniotipo.org\/wp-content\/uploads\/2024\/07\/ICONO-MAPA-GENIOTIPO-VERDE-03-02.svg\" alt=\"\" width=\"105\" height=\"99\"><br><span style=\"color: #000000\"><span class=\"img-method\">Coneix el mapa complet del teu geniotip per descobrir tota la capacitat creativa del teu talent.<\/span><\/span><\/p>                <\/div>\n                <a  href=\"https:\/\/fundaciongeniotipo.org\/terapia-orientacion\/fr-mapa\/\" target=\"_self\"   class=\"aux-button aux-medium aux-black aux-round aux-outline\" ><span class=\"aux-overlay\"><\/span><span class=\"aux-text\">Veure m\u00e9s<\/span><\/a>            <\/div>\n        <\/div>\n                    <div class=\"aux-text-widget-footer\">\n                <div class=\"aux-border-shape-none \">\n                                <\/div>\n            <\/div>\n        \n<\/section><!-- widget-container -->\t\t\t\t<\/div>\n\t\t\t\t<\/div>\n\t\t\t\t\t<\/div>\n\t\t<\/div>\n\t\t\t\t<div class=\"aux-parallax-section elementor-column elementor-col-33 elementor-inner-column elementor-element elementor-element-c54951a\" data-id=\"c54951a\" data-element_type=\"column\">\n\t\t\t<div class=\"elementor-widget-wrap elementor-element-populated\">\n\t\t\t\t\t\t<div class=\"elementor-element elementor-element-56f46d2 elementor-widget elementor-widget-aux_text\" data-id=\"56f46d2\" data-element_type=\"widget\" data-widget_type=\"aux_text.default\">\n\t\t\t\t<div class=\"elementor-widget-container\">\n\t\t\t\t\t<section class=\"widget-container aux-widget-text aux-parent-aufcd3bdb0\">        <div class=\"aux-widget-advanced-text aux-wrap-style-simple aux-ico-pos- aux-text-center aux-text-resp- aux-text-color-dark aux-text-widget-bg-center  \" >\n        \n            \n            <div class=\"aux-text-inner aux-text-widget-content\">\n                                <h4 class=\"col-title\"><a href=\"https:\/\/fundaciongeniotipo.org\/home\/contacto-ac\/\">Yo Creo Bienestar<\/a><\/h4>\n                                <div class=\"widget-content\">\n                                        <p class=\"p1\" style=\"margin-top: 20px\"><span style=\"color: #000000\"><img decoding=\"async\" class=\"alignnone wp-image-7632\" src=\"https:\/\/fundaciongeniotipo.org\/wp-content\/uploads\/2024\/07\/ICONO-ACUERPA-TU-MENTE-04.svg\" alt=\"\" width=\"110\" height=\"104\"><br>Psicoter\u00e0pia, Coaching, Ter\u00e0pies, Mindfullnes i molt m\u00e9s, a un <strong>preu accessible per a tothom.<\/strong><\/span><span class=\"img-method\"> <\/span><\/p>                <\/div>\n                <a  href=\"https:\/\/yocreobienestar.fundaciongeniotipo.org\/\" target=\"_self\"   class=\"aux-button aux-medium aux-black aux-round aux-outline\" ><span class=\"aux-overlay\"><\/span><span class=\"aux-text\">Veure m\u00e9s<\/span><\/a>            <\/div>\n        <\/div>\n                    <div class=\"aux-text-widget-footer\">\n                <div class=\"aux-border-shape-none \">\n                                <\/div>\n            <\/div>\n        \n<\/section><!-- widget-container -->\t\t\t\t<\/div>\n\t\t\t\t<\/div>\n\t\t\t\t\t<\/div>\n\t\t<\/div>\n\t\t\t\t<div class=\"aux-parallax-section elementor-column elementor-col-33 elementor-inner-column elementor-element elementor-element-05e8bb2\" data-id=\"05e8bb2\" data-element_type=\"column\">\n\t\t\t<div class=\"elementor-widget-wrap elementor-element-populated\">\n\t\t\t\t\t\t<div class=\"elementor-element elementor-element-21f5f8e elementor-widget elementor-widget-aux_text\" data-id=\"21f5f8e\" data-element_type=\"widget\" data-widget_type=\"aux_text.default\">\n\t\t\t\t<div class=\"elementor-widget-container\">\n\t\t\t\t\t<section class=\"widget-container aux-widget-text aux-parent-aub097b208\">        <div class=\"aux-widget-advanced-text aux-wrap-style-simple aux-ico-pos- aux-text-center aux-text-resp- aux-text-color-dark aux-text-widget-bg-center  \" >\n        \n            \n            <div class=\"aux-text-inner aux-text-widget-content\">\n                                <h4 class=\"col-title\">Institut Online<\/h4>\n                                <div class=\"widget-content\">\n                                        <p><img decoding=\"async\" class=\"alignnone wp-image-9350\" src=\"https:\/\/fundaciongeniotipo.org\/wp-content\/uploads\/2024\/12\/SVG-GENIOTIPADORES-.svg\" alt=\"\" width=\"110\" height=\"110\"><br><span style=\"color: #333333\">Espai web amb contingut especialitzat en el desenvolupament del talent en educaci\u00f3, empresa i acompanyament.<\/span><\/p>                <\/div>\n                <button   class=\"aux-button aux-medium aux-black aux-round aux-outline\" ><span class=\"aux-overlay\"><\/span><span class=\"aux-text\">Veure m\u00e9s<\/span><\/button>            <\/div>\n        <\/div>\n                    <div class=\"aux-text-widget-footer\">\n                <div class=\"aux-border-shape-none \">\n                                <\/div>\n            <\/div>\n        \n<\/section><!-- widget-container -->\t\t\t\t<\/div>\n\t\t\t\t<\/div>\n\t\t\t\t\t<\/div>\n\t\t<\/div>\n\t\t\t\t\t<\/div>\n\t\t<\/section>\n\t\t\t\t\t<\/div>\n\t\t<\/div>\n\t\t\t\t\t<\/div>\n\t\t<\/section>\n\t\t\t\t<section class=\"elementor-section elementor-top-section elementor-element elementor-element-9915a26 elementor-section-boxed elementor-section-height-default elementor-section-height-default\" data-id=\"9915a26\" data-element_type=\"section\">\n\t\t\t\t\t\t<div class=\"elementor-container elementor-column-gap-default\">\n\t\t\t\t\t<div class=\"aux-parallax-section elementor-column elementor-col-100 elementor-top-column elementor-element elementor-element-10f3ea8\" data-id=\"10f3ea8\" data-element_type=\"column\">\n\t\t\t<div class=\"elementor-widget-wrap\">\n\t\t\t\t\t\t\t<\/div>\n\t\t<\/div>\n\t\t\t\t\t<\/div>\n\t\t<\/section>\n\t\t\t\t<\/div>\n\t\t","protected":false},"excerpt":{"rendered":"<p>Volem acompanyar-te A m\u00e9s del nostre M\u00e8tode Geniotip, tenim altres maneres d&#8217;acompanyar-te. Mapa del Geniotipo Coneix el mapa complet del teu geniotip per descobrir tota la capacitat creativa del teu talent. Veure m\u00e9s Yo Creo Bienestar Psicoter\u00e0pia, Coaching, Ter\u00e0pies, Mindfullnes i molt m\u00e9s, a un preu accessible per a tothom. Veure m\u00e9s Institut Online Espai [&hellip;]<\/p>\n","protected":false},"author":1,"featured_media":0,"parent":0,"menu_order":0,"comment_status":"closed","ping_status":"closed","template":"templates\/page-builder-content.php","meta":{"_acf_changed":false,"inline_featured_image":false,"footnotes":""},"class_list":["post-13293","page","type-page","status-publish","hentry"],"acf":[],"_links":{"self":[{"href":"https:\/\/fundaciongeniotipo.org\/ca\/wp-json\/wp\/v2\/pages\/13293","targetHints":{"allow":["GET"]}}],"collection":[{"href":"https:\/\/fundaciongeniotipo.org\/ca\/wp-json\/wp\/v2\/pages"}],"about":[{"href":"https:\/\/fundaciongeniotipo.org\/ca\/wp-json\/wp\/v2\/types\/page"}],"author":[{"embeddable":true,"href":"https:\/\/fundaciongeniotipo.org\/ca\/wp-json\/wp\/v2\/users\/1"}],"replies":[{"embeddable":true,"href":"https:\/\/fundaciongeniotipo.org\/ca\/wp-json\/wp\/v2\/comments?post=13293"}],"version-history":[{"count":1,"href":"https:\/\/fundaciongeniotipo.org\/ca\/wp-json\/wp\/v2\/pages\/13293\/revisions"}],"predecessor-version":[{"id":13294,"href":"https:\/\/fundaciongeniotipo.org\/ca\/wp-json\/wp\/v2\/pages\/13293\/revisions\/13294"}],"wp:attachment":[{"href":"https:\/\/fundaciongeniotipo.org\/ca\/wp-json\/wp\/v2\/media?parent=13293"}],"curies":[{"name":"wp","href":"https:\/\/api.w.org\/{rel}","templated":true}]}}