{"id":13102,"date":"2025-02-28T12:49:53","date_gmt":"2025-02-28T11:49:53","guid":{"rendered":"https:\/\/fundaciongeniotipo.org\/home-2\/qui-som\/"},"modified":"2025-08-28T19:15:52","modified_gmt":"2025-08-28T17:15:52","slug":"qui-som","status":"publish","type":"page","link":"https:\/\/fundaciongeniotipo.org\/ca\/home-2\/qui-som\/","title":{"rendered":"Qui som"},"content":{"rendered":"\t\t<div data-elementor-type=\"wp-post\" data-elementor-id=\"13102\" class=\"elementor elementor-13102 elementor-10261\" data-elementor-post-type=\"page\">\n\t\t\t\t\t\t<section class=\"elementor-section elementor-top-section elementor-element elementor-element-26844c35 elementor-section-boxed elementor-section-height-default elementor-section-height-default\" data-id=\"26844c35\" data-element_type=\"section\">\n\t\t\t\t\t\t<div class=\"elementor-container elementor-column-gap-no\">\n\t\t\t\t\t<div class=\"aux-parallax-section elementor-column elementor-col-100 elementor-top-column elementor-element elementor-element-5d168f2d\" data-id=\"5d168f2d\" data-element_type=\"column\">\n\t\t\t<div class=\"elementor-widget-wrap elementor-element-populated\">\n\t\t\t\t\t\t<div class=\"elementor-element elementor-element-4299f3ce aux-appear-watch-animation aux-scale-down elementor-widget elementor-widget-aux_modern_heading\" data-id=\"4299f3ce\" data-element_type=\"widget\" data-widget_type=\"aux_modern_heading.default\">\n\t\t\t\t<div class=\"elementor-widget-container\">\n\t\t\t\t\t<section class=\"aux-widget-modern-heading\">\n            <div class=\"aux-widget-inner\"><h2 class=\"aux-modern-heading-primary\">L'esperit de la Fundaci\u00f3\n<\/h2><div class=\"aux-modern-heading-description\"><p class=\"p1\">Som una <span style=\"color: #14c691\"><strong><span class=\"s1\">empresa social<\/span><\/strong><\/span> sota el paraigua d'una Fundaci\u00f3.<\/p><p>No ens interessa ni la part burocr\u00e0tica ni la part econ\u00f2mica, sin\u00f3 com podem aportar el nostre amor al m\u00f3n, i decidim que vol\u00edem ser una empresa al servei dels altres.<\/p><p>Des d'aquesta mirada hem constru\u00eft dos mons dins la Fundaci\u00f3: <span style=\"color: #14c691\"><strong><span class=\"s1\">l'acci\u00f3 social i la prestaci\u00f3 de serveis, basant-se en el talent.<\/span><\/strong><\/span><\/p><\/div><\/div>\n        <\/section>\t\t\t\t<\/div>\n\t\t\t\t<\/div>\n\t\t\t\t\t<\/div>\n\t\t<\/div>\n\t\t\t\t\t<\/div>\n\t\t<\/section>\n\t\t\t\t<section class=\"elementor-section elementor-top-section elementor-element elementor-element-6c714e1 elementor-section-boxed elementor-section-height-default elementor-section-height-default\" data-id=\"6c714e1\" data-element_type=\"section\">\n\t\t\t\t\t\t<div class=\"elementor-container elementor-column-gap-default\">\n\t\t\t\t\t<div class=\"aux-parallax-section elementor-column elementor-col-100 elementor-top-column elementor-element elementor-element-72a5c3b\" data-id=\"72a5c3b\" data-element_type=\"column\">\n\t\t\t<div class=\"elementor-widget-wrap elementor-element-populated\">\n\t\t\t\t\t\t<div class=\"elementor-element elementor-element-ac61533 elementor-align-center elementor-widget elementor-widget-button\" data-id=\"ac61533\" data-element_type=\"widget\" data-widget_type=\"button.default\">\n\t\t\t\t<div class=\"elementor-widget-container\">\n\t\t\t\t\t\t\t\t\t<div class=\"elementor-button-wrapper\">\n\t\t\t\t\t<a class=\"elementor-button elementor-button-link elementor-size-sm\" href=\"https:\/\/fundaciongeniotipo.org\/ca\/accio-social\/\">\n\t\t\t\t\t\t<span class=\"elementor-button-content-wrapper\">\n\t\t\t\t\t\t\t\t\t<span class=\"elementor-button-text\">ACCI\u00d3 SOCIAL<\/span>\n\t\t\t\t\t<\/span>\n\t\t\t\t\t<\/a>\n\t\t\t\t<\/div>\n\t\t\t\t\t\t\t\t<\/div>\n\t\t\t\t<\/div>\n\t\t\t\t\t<\/div>\n\t\t<\/div>\n\t\t\t\t\t<\/div>\n\t\t<\/section>\n\t\t\t\t<section class=\"elementor-section elementor-top-section elementor-element elementor-element-bf29df3 elementor-section-boxed elementor-section-height-default elementor-section-height-default\" data-id=\"bf29df3\" data-element_type=\"section\">\n\t\t\t\t\t\t<div class=\"elementor-container elementor-column-gap-no\">\n\t\t\t\t\t<div class=\"aux-parallax-section elementor-column elementor-col-100 elementor-top-column elementor-element elementor-element-a2eced8\" data-id=\"a2eced8\" data-element_type=\"column\">\n\t\t\t<div class=\"elementor-widget-wrap elementor-element-populated\">\n\t\t\t\t\t\t<div class=\"elementor-element elementor-element-8698673 aux-appear-watch-animation aux-scale-down elementor-widget elementor-widget-aux_modern_heading\" data-id=\"8698673\" data-element_type=\"widget\" data-widget_type=\"aux_modern_heading.default\">\n\t\t\t\t<div class=\"elementor-widget-container\">\n\t\t\t\t\t<section class=\"aux-widget-modern-heading\">\n            <div class=\"aux-widget-inner\"><h2 class=\"aux-modern-heading-primary\">El nostre manifest\n<\/h2><div class=\"aux-modern-heading-description\"><p>er canviar, per viure una vida d'acord amb les nostres expectatives, no necessitem res que no h\u00e0gim tingut ja. Res que no h\u00e0gim estat en algun moment, per petit que sigui. <span style=\"color: #14c691\"><strong><span class=\"s1\">Tot el que<\/span> necessitem \u00e9s dins nostre<\/strong><\/span><span class=\"s2\"><span style=\"color: #14c691\"><strong>;<\/strong><\/span> el veritable desafiament \u00e9s<\/span> detectar-ho. El m\u00e9s complicat \u00e9s descobrir-ho.  <\/p><p class=\"p1\"><span style=\"color: #14c691\"><strong>El M\u00e8tode Geniotip t'acompanya en aquest cam\u00ed<\/strong><\/span><span class=\"s1\"><span style=\"color: #14c691\"><strong>.<\/strong><\/span> I ho fa mitjan\u00e7ant<\/span> un enfocament integral que combina autoconeixement, creativitat i desenvolupament personal, permetent-te reconnectar amb el teu talent interior i viure d'acord amb el teu prop\u00f2sit.<\/p><p class=\"p1\">A la Fundaci\u00f3 Geniotip creiem en <span style=\"color: #14c691\"><strong><span class=\"s1\">el poder del canvi: personal,<\/span> professional, empresarial i educatiu.<\/strong><\/span> <span class=\"s2\"><span style=\"color: #14c691\"><strong>.<\/strong><\/span> Perqu\u00e8 cada \u00e0rea de la nostra<\/span> vida se'n beneficia quan estem alineats amb el nostre veritable talent.<\/p><p class=\"p1\"><span class=\"s1\">Per aix\u00f2 oferim<\/span><span style=\"color: #14c691\"><strong> programes espec\u00edfics que aborden les necessitats \u00faniques de cada context<\/strong><\/span><span class=\"s1\"><span style=\"color: #14c691\"><strong>.<\/strong><\/span> Des del desenvolupament personal<\/span> fins a la transformaci\u00f3 organitzacional, i l'enfortiment del sistema educatiu, assegurem que cada individu i entitat pugui assolir el m\u00e0xim potencial.<\/p><p class=\"p1\"><span style=\"color: #14c691\"><strong>El M\u00e8tode Geniotip no \u00e9s una t\u00e8cnica d'autoajuda, \u00e9s un sistema recolzat per estudis cient\u00edfics i col\u00b7laboracions amb <span class=\"s1\">universitats<\/span><\/strong><\/span> que proporciona les eines i el coneixement necessaris per descobrir, desenvolupar i connectar amb el talent de cada persona. Amb aquest espai de genialitat a qu\u00e8 tots podem tenir acc\u00e9s. <\/p><p class=\"p1\">Un canvi profund, durador i transformador, com \u00e9s el que es <span class=\"s1\">produeix de dins cap a fora<\/span>.<span style=\"color: #14c691\"><strong> Del que realment som al que realment podem arribar a ser<span class=\"s1\">.<\/span><\/strong><\/span><\/p><h4 class=\"p2\"><span style=\"color: #14c691\"><strong>Geniotip: La ci\u00e8ncia del talent.<\/strong><\/span><\/h4><\/div><\/div>\n        <\/section>\t\t\t\t<\/div>\n\t\t\t\t<\/div>\n\t\t\t\t\t<\/div>\n\t\t<\/div>\n\t\t\t\t\t<\/div>\n\t\t<\/section>\n\t\t\t\t<\/div>\n\t\t","protected":false},"excerpt":{"rendered":"<p>L&#8217;esperit de la Fundaci\u00f3 Som una empresa social sota el paraigua d&#8217;una Fundaci\u00f3. No ens interessa ni la part burocr\u00e0tica ni la part econ\u00f2mica, sin\u00f3 com podem aportar el nostre amor al m\u00f3n, i decidim que vol\u00edem ser una empresa al servei dels altres. Des d&#8217;aquesta mirada hem constru\u00eft dos mons dins la Fundaci\u00f3: l&#8217;acci\u00f3 [&hellip;]<\/p>\n","protected":false},"author":1,"featured_media":0,"parent":13100,"menu_order":0,"comment_status":"closed","ping_status":"closed","template":"templates\/page-builder-content.php","meta":{"_acf_changed":false,"inline_featured_image":false,"footnotes":""},"class_list":["post-13102","page","type-page","status-publish","hentry"],"acf":[],"_links":{"self":[{"href":"https:\/\/fundaciongeniotipo.org\/ca\/wp-json\/wp\/v2\/pages\/13102","targetHints":{"allow":["GET"]}}],"collection":[{"href":"https:\/\/fundaciongeniotipo.org\/ca\/wp-json\/wp\/v2\/pages"}],"about":[{"href":"https:\/\/fundaciongeniotipo.org\/ca\/wp-json\/wp\/v2\/types\/page"}],"author":[{"embeddable":true,"href":"https:\/\/fundaciongeniotipo.org\/ca\/wp-json\/wp\/v2\/users\/1"}],"replies":[{"embeddable":true,"href":"https:\/\/fundaciongeniotipo.org\/ca\/wp-json\/wp\/v2\/comments?post=13102"}],"version-history":[{"count":2,"href":"https:\/\/fundaciongeniotipo.org\/ca\/wp-json\/wp\/v2\/pages\/13102\/revisions"}],"predecessor-version":[{"id":13299,"href":"https:\/\/fundaciongeniotipo.org\/ca\/wp-json\/wp\/v2\/pages\/13102\/revisions\/13299"}],"up":[{"embeddable":true,"href":"https:\/\/fundaciongeniotipo.org\/ca\/wp-json\/wp\/v2\/pages\/13100"}],"wp:attachment":[{"href":"https:\/\/fundaciongeniotipo.org\/ca\/wp-json\/wp\/v2\/media?parent=13102"}],"curies":[{"name":"wp","href":"https:\/\/api.w.org\/{rel}","templated":true}]}}